{"id":284402,"date":"2023-11-17T21:44:18","date_gmt":"2023-11-17T21:44:18","guid":{"rendered":"https:\/\/lasserrecognac.com\/find-din-butik\/"},"modified":"2024-09-22T19:24:45","modified_gmt":"2024-09-22T19:24:45","slug":"find-din-butik","status":"publish","type":"page","link":"https:\/\/lasserrecognac.com\/da\/find-din-butik\/","title":{"rendered":"Find din butik"},"content":{"rendered":"[et_pb_section fb_built=&#8221;1&#8243; fullwidth=&#8221;on&#8221; theme_builder_area=&#8221;post_content&#8221; _builder_version=&#8221;4.21.0&#8243; _module_preset=&#8221;default&#8221;][et_pb_fullwidth_menu active_link_color=&#8221;#FFFFFF&#8221; logo_width=&#8221;100%&#8221; logo_max_width=&#8221;16%&#8221; show_cart_icon=&#8221;on&#8221; cart_icon_color=&#8221;#c38b62&#8243; search_icon_color=&#8221;#c38b62&#8243; menu_icon_color=&#8221;#c38b62&#8243; show_cart_icon_tablet=&#8221;off&#8221; show_cart_icon_phone=&#8221;&#8221; show_cart_icon_last_edited=&#8221;on|phone&#8221; module_class=&#8221;pa-underline-color-swipe&#8221; _builder_version=&#8221;4.18.0&#8243; _module_preset=&#8221;default&#8221; menu_font=&#8221;Abel|700||on|||||&#8221; menu_text_color=&#8221;#FFFFFF&#8221; menu_font_size=&#8221;18px&#8221; background_color=&#8221;#000000&#8243; text_orientation=&#8221;center&#8221; width=&#8221;100%&#8221; module_alignment=&#8221;center&#8221; custom_margin=&#8221;0px||0px||false|false&#8221; custom_padding=&#8221;5px||10px||false|false&#8221; custom_padding_tablet=&#8221;0px||0px||false|false&#8221; custom_padding_phone=&#8221;0px||0px||false|false&#8221; custom_padding_last_edited=&#8221;on|desktop&#8221; sticky_position=&#8221;top&#8221; scroll_blur=&#8221;0|36|60|100|10|0|0&#8243; global_colors_info=&#8221;{}&#8221; background__sticky_enabled=&#8221;on|sticky&#8221; background_color__sticky=&#8221;rgba(0,0,0,0.78)&#8221; background_enable_color__sticky=&#8221;on&#8221; global_module=&#8221;284065&#8243; theme_builder_area=&#8221;post_content&#8221;][\/et_pb_fullwidth_menu][\/et_pb_section][et_pb_section fb_built=&#8221;1&#8243; admin_label=&#8221;section&#8221; _builder_version=&#8221;4.16&#8243; global_colors_info=&#8221;{}&#8221; custom_padding=&#8221;96px|||||&#8221;][et_pb_row _builder_version=&#8221;4.21.0&#8243; _module_preset=&#8221;default&#8221; theme_builder_area=&#8221;post_content&#8221;][et_pb_column _builder_version=&#8221;4.21.0&#8243; _module_preset=&#8221;default&#8221; type=&#8221;4_4&#8243; theme_builder_area=&#8221;post_content&#8221;][et_pb_text _builder_version=&#8221;4.21.0&#8243; _module_preset=&#8221;default&#8221; theme_builder_area=&#8221;post_content&#8221; hover_enabled=&#8221;0&#8243; sticky_enabled=&#8221;0&#8243; header_font_size=&#8221;60px&#8221; header_text_color=&#8221;#c38b62&#8243; header_font=&#8221;Abel|700|||||||&#8221; header_text_align=&#8221;center&#8221; header_4_text_align=&#8221;center&#8221; header_4_font=&#8221;|600|||||||&#8221; text_orientation=&#8221;center&#8221; text_font_size=&#8221;17px&#8221; text_text_color=&#8221;#000000&#8243; header_4_text_color=&#8221;#000000&#8243;]<h1 class=\"et_pb_module_header\">Find Lasserre butik<\/h1>\n<h4>Find Lasserre honning Cognac lik\u00f8r i din n\u00e6rmeste butik<\/h4>\n<p>&nbsp;<\/p>\n<div class=\"et_pb_header_content_wrapper\">\n<p>Vi har samlet forskellige cocktails og drinks til vores Lasserre honning Cognac lik\u00f8r.<\/p>\n<p>Talrige opskrifter til sommer- og vinteranledninger &#8211; Vi har ogs\u00e5<\/p>\n<p>madkombinationer til vores Lasserre honning Cognac lik\u00f8r.<\/p>\n<\/div>[\/et_pb_text][\/et_pb_column][\/et_pb_row][et_pb_row admin_label=&#8221;row&#8221; _builder_version=&#8221;4.21.0&#8243; background_size=&#8221;initial&#8221; background_position=&#8221;top_left&#8221; background_repeat=&#8221;repeat&#8221; hover_enabled=&#8221;0&#8243; global_colors_info=&#8221;{}&#8221; width=&#8221;100%&#8221; max_width=&#8221;2000px&#8221; sticky_enabled=&#8221;0&#8243;][et_pb_column type=&#8221;4_4&#8243; _builder_version=&#8221;4.16&#8243; custom_padding=&#8221;|||&#8221; global_colors_info=&#8221;{}&#8221; custom_padding__hover=&#8221;|||&#8221;][et_pb_text admin_label=&#8221;Text&#8221; _builder_version=&#8221;4.16&#8243; background_size=&#8221;initial&#8221; background_position=&#8221;top_left&#8221; background_repeat=&#8221;repeat&#8221; global_colors_info=&#8221;{}&#8221;][storelocator id=&#8221;pAGHMa&#8221;][\/et_pb_text][\/et_pb_column][\/et_pb_row][\/et_pb_section][et_pb_section fb_built=&#8221;1&#8243; _builder_version=&#8221;4.18.0&#8243; _module_preset=&#8221;default&#8221; custom_padding=&#8221;60px||0px||false|false&#8221; border_color_all=&#8221;#000000&#8243; border_width_top=&#8221;1px&#8221; border_color_top=&#8221;rgba(10,10,10,0.15)&#8221; global_colors_info=&#8221;{}&#8221; global_module=&#8221;284064&#8243; theme_builder_area=&#8221;post_content&#8221;][et_pb_row _builder_version=&#8221;4.18.0&#8243; _module_preset=&#8221;default&#8221; global_colors_info=&#8221;{}&#8221; theme_builder_area=&#8221;post_content&#8221;][et_pb_column type=&#8221;4_4&#8243; _builder_version=&#8221;4.18.0&#8243; _module_preset=&#8221;default&#8221; global_colors_info=&#8221;{}&#8221; theme_builder_area=&#8221;post_content&#8221;][et_pb_signup mailchimp_list=&#8221;LasserreEurope|0611007ee1&#8243; first_name_field=&#8221;off&#8221; last_name_field=&#8221;off&#8221; title=&#8221;Nyhedsbrev&#8221; button_text=&#8221;SIGN UP&#8221; description=&#8221;<h4 class=\"%22c-Newsletter-desc%22\"><strong>___________<\/strong><\/h4> <p class=\"%22t-text--sm%22\">Please register to stay in touch with Lasserre and receive our<br\/>latest news and offers.<\/p>&#8221; _builder_version=&#8221;4.18.0&#8243; _module_preset=&#8221;default&#8221; form_field_background_color=&#8221;#c38b62&#8243; form_field_text_color=&#8221;#FFFFFF&#8221; form_field_focus_background_color=&#8221;#c38b62&#8243; form_field_focus_text_color=&#8221;#FFFFFF&#8221; header_font=&#8221;Abel|700||on|||||&#8221; header_font_size=&#8221;30px&#8221; header_letter_spacing=&#8221;3px&#8221; body_font=&#8221;Abel||||||||&#8221; body_text_color=&#8221;#000000&#8243; body_font_size=&#8221;17px&#8221; form_field_font=&#8221;Abel||||||||&#8221; form_field_font_size=&#8221;17px&#8221; background_color=&#8221;RGBA(255,255,255,0)&#8221; custom_button=&#8221;on&#8221; button_text_color=&#8221;#FFFFFF&#8221; button_bg_color=&#8221;#c38b62&#8243; button_border_width=&#8221;0px&#8221; button_font=&#8221;Abel||||||||&#8221; background_layout=&#8221;light&#8221; width=&#8221;100%&#8221; max_width=&#8221;100%&#8221; custom_margin=&#8221;||0px||false|false&#8221; global_colors_info=&#8221;{}&#8221; theme_builder_area=&#8221;post_content&#8221;][\/et_pb_signup][et_pb_divider show_divider=&#8221;off&#8221; _builder_version=&#8221;4.18.0&#8243; _module_preset=&#8221;default&#8221; width=&#8221;100%&#8221; height=&#8221;50px&#8221; global_colors_info=&#8221;{}&#8221; theme_builder_area=&#8221;post_content&#8221;][\/et_pb_divider][\/et_pb_column][\/et_pb_row][et_pb_row column_structure=&#8221;1_4,1_4,1_4,1_4&#8243; _builder_version=&#8221;4.18.0&#8243; _module_preset=&#8221;default&#8221; global_colors_info=&#8221;{}&#8221; theme_builder_area=&#8221;post_content&#8221;][et_pb_column type=&#8221;1_4&#8243; _builder_version=&#8221;4.18.0&#8243; _module_preset=&#8221;default&#8221; global_colors_info=&#8221;{}&#8221; theme_builder_area=&#8221;post_content&#8221;][et_pb_text _builder_version=&#8221;4.18.0&#8243; _module_preset=&#8221;default&#8221; text_font=&#8221;Abel||||||||&#8221; text_font_size=&#8221;17px&#8221; text_line_height=&#8221;1.4em&#8221; link_text_color=&#8221;#000000&#8243; header_2_font=&#8221;Abel|||on|||||&#8221; header_2_font_size=&#8221;17px&#8221; global_colors_info=&#8221;{}&#8221; theme_builder_area=&#8221;post_content&#8221;]<h2><strong>Cocktails og drinks<br><\/strong><strong>____<\/strong><\/h2>\n<p><a href=\"\/cocktails-and-drinks\/\"><a href=\"\/cocktails-and-drinks\/\">Sommeropskrifter<\/a><\/a><\/p>\n<p><a href=\"\/cocktails-and-drinks\/\"><a href=\"\/cocktails-and-drinks\/\">Vinteropskrifter<\/a><\/a><\/p>\n<p><a href=\"\/cocktails-and-drinks\/\"><a href=\"\/cocktails-and-drinks\/\">Kombination med mad<\/a><\/a><\/p>\n<p>&nbsp;<\/p>[\/et_pb_text][\/et_pb_column][et_pb_column type=&#8221;1_4&#8243; _builder_version=&#8221;4.18.0&#8243; _module_preset=&#8221;default&#8221; global_colors_info=&#8221;{}&#8221; theme_builder_area=&#8221;post_content&#8221;][et_pb_text _builder_version=&#8221;4.18.0&#8243; _module_preset=&#8221;default&#8221; text_font=&#8221;Abel||||||||&#8221; text_font_size=&#8221;17px&#8221; text_line_height=&#8221;1.4em&#8221; link_text_color=&#8221;#000000&#8243; header_2_font=&#8221;Abel|||on|||||&#8221; header_2_font_size=&#8221;17px&#8221; global_colors_info=&#8221;{}&#8221; theme_builder_area=&#8221;post_content&#8221;]<h2><strong>Butik<br><\/strong><strong>____<\/strong><\/h2>\n<p><a href=\"\/terms-and-conditions\"><a href=\"\/terms-and-conditions\">Forsendelse<\/a><\/a><\/p>\n<p><a href=\"\/Contact\"><a href=\"\/Contact\">Forhandler<\/a><\/a><\/p>\n<p><a href=\"\/product\/lasserre-cognac-vs\/\"><a href=\"\/product\/lasserre-cognac-vs\/\">Flaskens indhold<\/a><\/a><\/p>\n<p>&nbsp;<\/p>[\/et_pb_text][\/et_pb_column][et_pb_column type=&#8221;1_4&#8243; _builder_version=&#8221;4.18.0&#8243; _module_preset=&#8221;default&#8221; global_colors_info=&#8221;{}&#8221; theme_builder_area=&#8221;post_content&#8221;][et_pb_text _builder_version=&#8221;4.18.0&#8243; _module_preset=&#8221;default&#8221; text_font=&#8221;Abel||||||||&#8221; text_font_size=&#8221;17px&#8221; link_text_color=&#8221;#000000&#8243; header_2_font=&#8221;Abel|||on|||||&#8221; header_2_font_size=&#8221;17px&#8221; global_colors_info=&#8221;{}&#8221; theme_builder_area=&#8221;post_content&#8221;]<h2><strong>Historie<br><\/strong><strong>____<\/strong><\/h2>\n<p><a href=\"\/Story\"><a href=\"\/Story\">Om os<\/a><\/a><\/p>\n<p><a href=\"\/Contact\"><a href=\"\/Contact\">Kontakt os<\/a><\/a><\/p>\n<p>&nbsp;<\/p>\n<p>&nbsp;<\/p>[\/et_pb_text][\/et_pb_column][et_pb_column type=&#8221;1_4&#8243; _builder_version=&#8221;4.18.0&#8243; _module_preset=&#8221;default&#8221; global_colors_info=&#8221;{}&#8221; theme_builder_area=&#8221;post_content&#8221;][et_pb_text _builder_version=&#8221;4.18.0&#8243; _module_preset=&#8221;default&#8221; header_2_font=&#8221;Abel|||on|||||&#8221; header_2_font_size=&#8221;17px&#8221; global_colors_info=&#8221;{}&#8221; theme_builder_area=&#8221;post_content&#8221;]<h2><strong>Kontakt<br>____<\/strong><\/h2>\n<p><span style=\"color: #c38b62;\"><strong><a href=\"mailto:sales@lasserrecognac.com\" title=\"Lasserre Cognac VS\" style=\"color: #c38b62;\"><a href=\"mailto:sales@lasserrecognac.com\">sales@lasserrecognac.com<\/a><\/a><\/strong><\/span><\/p>[\/et_pb_text][\/et_pb_column][\/et_pb_row][\/et_pb_section]","protected":false},"excerpt":{"rendered":"<p>Find Lasserre butik Find Lasserre honning Cognac lik\u00f8r i din n\u00e6rmeste butik &nbsp; Vi har samlet forskellige cocktails og drinks til vores Lasserre honning Cognac lik\u00f8r. Talrige opskrifter til sommer- og vinteranledninger &#8211; Vi har ogs\u00e5 madkombinationer til vores Lasserre honning Cognac lik\u00f8r. [storelocator id=&#8221;pAGHMa&#8221;]Cocktails og drinks____ Sommeropskrifter Vinteropskrifter Kombination med mad &nbsp;Butik____ Forsendelse Forhandler [&hellip;]<\/p>\n","protected":false},"author":1,"featured_media":0,"parent":0,"menu_order":0,"comment_status":"closed","ping_status":"closed","template":"","meta":{"_et_pb_use_builder":"on","_et_pb_old_content":"","_et_gb_content_width":"","footnotes":""},"class_list":["post-284402","page","type-page","status-publish","hentry"],"yoast_head":"<!-- This site is optimized with the Yoast SEO plugin v27.6 - https:\/\/yoast.com\/product\/yoast-seo-wordpress\/ -->\n<title>Find Lasserre butik | Hvor kan man k\u00f8be den?<\/title>\n<meta name=\"description\" content=\"Pr\u00f8v vores find en Lasserre butik, hvis du ikke er sikker p\u00e5, hvor du kan f\u00e5 fat i en flaske. Vi holder den opdateret hver uge, s\u00e5 du ikke spilder din tid!\" \/>\n<meta name=\"robots\" content=\"index, follow, max-snippet:-1, max-image-preview:large, max-video-preview:-1\" \/>\n<link rel=\"canonical\" href=\"https:\/\/lasserrecognac.com\/da\/?page_id=284402\" \/>\n<meta property=\"og:locale\" content=\"da_DK\" \/>\n<meta property=\"og:type\" content=\"article\" \/>\n<meta property=\"og:title\" content=\"Find Lasserre butik | Hvor kan man k\u00f8be den?\" \/>\n<meta property=\"og:description\" content=\"Pr\u00f8v vores find en Lasserre butik, hvis du ikke er sikker p\u00e5, hvor du kan f\u00e5 fat i en flaske. Vi holder den opdateret hver uge, s\u00e5 du ikke spilder din tid!\" \/>\n<meta property=\"og:url\" content=\"https:\/\/lasserrecognac.com\/da\/?page_id=284402\" \/>\n<meta property=\"og:site_name\" content=\"Lasserre Cognac\" \/>\n<meta property=\"article:modified_time\" content=\"2024-09-22T19:24:45+00:00\" \/>\n<meta name=\"twitter:card\" content=\"summary_large_image\" \/>\n<meta name=\"twitter:label1\" content=\"Estimeret l\u00e6setid\" \/>\n\t<meta name=\"twitter:data1\" content=\"5 minutter\" \/>\n<script type=\"application\/ld+json\" class=\"yoast-schema-graph\">{\"@context\":\"https:\\\/\\\/schema.org\",\"@graph\":[{\"@type\":\"WebPage\",\"@id\":\"https:\\\/\\\/lasserrecognac.com\\\/da\\\/?page_id=284402\",\"url\":\"https:\\\/\\\/lasserrecognac.com\\\/da\\\/?page_id=284402\",\"name\":\"Find Lasserre butik | Hvor kan man k\u00f8be den?\",\"isPartOf\":{\"@id\":\"https:\\\/\\\/lasserrecognac.com\\\/#website\"},\"datePublished\":\"2023-11-17T21:44:18+00:00\",\"dateModified\":\"2024-09-22T19:24:45+00:00\",\"description\":\"Pr\u00f8v vores find en Lasserre butik, hvis du ikke er sikker p\u00e5, hvor du kan f\u00e5 fat i en flaske. Vi holder den opdateret hver uge, s\u00e5 du ikke spilder din tid!\",\"breadcrumb\":{\"@id\":\"https:\\\/\\\/lasserrecognac.com\\\/da\\\/?page_id=284402#breadcrumb\"},\"inLanguage\":\"da-DK\",\"potentialAction\":[{\"@type\":\"ReadAction\",\"target\":[\"https:\\\/\\\/lasserrecognac.com\\\/da\\\/?page_id=284402\"]}]},{\"@type\":\"BreadcrumbList\",\"@id\":\"https:\\\/\\\/lasserrecognac.com\\\/da\\\/?page_id=284402#breadcrumb\",\"itemListElement\":[{\"@type\":\"ListItem\",\"position\":1,\"name\":\"Home\",\"item\":\"https:\\\/\\\/lasserrecognac.com\\\/da\\\/\"},{\"@type\":\"ListItem\",\"position\":2,\"name\":\"Find din butik\"}]},{\"@type\":\"WebSite\",\"@id\":\"https:\\\/\\\/lasserrecognac.com\\\/#website\",\"url\":\"https:\\\/\\\/lasserrecognac.com\\\/\",\"name\":\"Lasserre Cognac\",\"description\":\"Lasserre Cognac\",\"potentialAction\":[{\"@type\":\"SearchAction\",\"target\":{\"@type\":\"EntryPoint\",\"urlTemplate\":\"https:\\\/\\\/lasserrecognac.com\\\/?s={search_term_string}\"},\"query-input\":{\"@type\":\"PropertyValueSpecification\",\"valueRequired\":true,\"valueName\":\"search_term_string\"}}],\"inLanguage\":\"da-DK\"}]}<\/script>\n<!-- \/ Yoast SEO plugin. -->","yoast_head_json":{"title":"Find Lasserre butik | Hvor kan man k\u00f8be den?","description":"Pr\u00f8v vores find en Lasserre butik, hvis du ikke er sikker p\u00e5, hvor du kan f\u00e5 fat i en flaske. Vi holder den opdateret hver uge, s\u00e5 du ikke spilder din tid!","robots":{"index":"index","follow":"follow","max-snippet":"max-snippet:-1","max-image-preview":"max-image-preview:large","max-video-preview":"max-video-preview:-1"},"canonical":"https:\/\/lasserrecognac.com\/da\/?page_id=284402","og_locale":"da_DK","og_type":"article","og_title":"Find Lasserre butik | Hvor kan man k\u00f8be den?","og_description":"Pr\u00f8v vores find en Lasserre butik, hvis du ikke er sikker p\u00e5, hvor du kan f\u00e5 fat i en flaske. Vi holder den opdateret hver uge, s\u00e5 du ikke spilder din tid!","og_url":"https:\/\/lasserrecognac.com\/da\/?page_id=284402","og_site_name":"Lasserre Cognac","article_modified_time":"2024-09-22T19:24:45+00:00","twitter_card":"summary_large_image","twitter_misc":{"Estimeret l\u00e6setid":"5 minutter"},"schema":{"@context":"https:\/\/schema.org","@graph":[{"@type":"WebPage","@id":"https:\/\/lasserrecognac.com\/da\/?page_id=284402","url":"https:\/\/lasserrecognac.com\/da\/?page_id=284402","name":"Find Lasserre butik | Hvor kan man k\u00f8be den?","isPartOf":{"@id":"https:\/\/lasserrecognac.com\/#website"},"datePublished":"2023-11-17T21:44:18+00:00","dateModified":"2024-09-22T19:24:45+00:00","description":"Pr\u00f8v vores find en Lasserre butik, hvis du ikke er sikker p\u00e5, hvor du kan f\u00e5 fat i en flaske. Vi holder den opdateret hver uge, s\u00e5 du ikke spilder din tid!","breadcrumb":{"@id":"https:\/\/lasserrecognac.com\/da\/?page_id=284402#breadcrumb"},"inLanguage":"da-DK","potentialAction":[{"@type":"ReadAction","target":["https:\/\/lasserrecognac.com\/da\/?page_id=284402"]}]},{"@type":"BreadcrumbList","@id":"https:\/\/lasserrecognac.com\/da\/?page_id=284402#breadcrumb","itemListElement":[{"@type":"ListItem","position":1,"name":"Home","item":"https:\/\/lasserrecognac.com\/da\/"},{"@type":"ListItem","position":2,"name":"Find din butik"}]},{"@type":"WebSite","@id":"https:\/\/lasserrecognac.com\/#website","url":"https:\/\/lasserrecognac.com\/","name":"Lasserre Cognac","description":"Lasserre Cognac","potentialAction":[{"@type":"SearchAction","target":{"@type":"EntryPoint","urlTemplate":"https:\/\/lasserrecognac.com\/?s={search_term_string}"},"query-input":{"@type":"PropertyValueSpecification","valueRequired":true,"valueName":"search_term_string"}}],"inLanguage":"da-DK"}]}},"_links":{"self":[{"href":"https:\/\/lasserrecognac.com\/da\/wp-json\/wp\/v2\/pages\/284402","targetHints":{"allow":["GET"]}}],"collection":[{"href":"https:\/\/lasserrecognac.com\/da\/wp-json\/wp\/v2\/pages"}],"about":[{"href":"https:\/\/lasserrecognac.com\/da\/wp-json\/wp\/v2\/types\/page"}],"author":[{"embeddable":true,"href":"https:\/\/lasserrecognac.com\/da\/wp-json\/wp\/v2\/users\/1"}],"replies":[{"embeddable":true,"href":"https:\/\/lasserrecognac.com\/da\/wp-json\/wp\/v2\/comments?post=284402"}],"version-history":[{"count":2,"href":"https:\/\/lasserrecognac.com\/da\/wp-json\/wp\/v2\/pages\/284402\/revisions"}],"predecessor-version":[{"id":284462,"href":"https:\/\/lasserrecognac.com\/da\/wp-json\/wp\/v2\/pages\/284402\/revisions\/284462"}],"wp:attachment":[{"href":"https:\/\/lasserrecognac.com\/da\/wp-json\/wp\/v2\/media?parent=284402"}],"curies":[{"name":"wp","href":"https:\/\/api.w.org\/{rel}","templated":true}]}}