{"id":284414,"date":"2022-11-08T16:42:28","date_gmt":"2022-11-08T16:42:28","guid":{"rendered":"https:\/\/lasserrecognac.com\/historie\/"},"modified":"2024-10-04T18:52:52","modified_gmt":"2024-10-04T18:52:52","slug":"historie","status":"publish","type":"page","link":"https:\/\/lasserrecognac.com\/da\/historie\/","title":{"rendered":"Historie"},"content":{"rendered":"<p>[et_pb_section fb_built=&#8221;1&#8243; fullwidth=&#8221;on&#8221; _builder_version=&#8221;4.18.0&#8243; _module_preset=&#8221;default&#8221; background_enable_video_mp4=&#8221;off&#8221; global_colors_info=&#8221;{}&#8221;][et_pb_fullwidth_header title=&#8221;Fra drue til flaske&#8221; _builder_version=&#8221;4.18.0&#8243; _module_preset=&#8221;default&#8221; title_font=&#8221;Abel||||||||&#8221; title_text_align=&#8221;left&#8221; title_text_color=&#8221;#edb059&#8243; title_font_size=&#8221;60px&#8221; content_font=&#8221;Abel||||||||&#8221; content_text_align=&#8221;left&#8221; content_font_size=&#8221;21px&#8221; background_color=&#8221;RGBA(255,255,255,0)&#8221; background_image=&#8221;https:\/\/lasserrecognac.com\/wp-content\/uploads\/2022\/11\/Lasserre-Cognac-Ugni-Blanc1.jpg&#8221; background_position=&#8221;bottom_center&#8221; background_enable_video_mp4=&#8221;off&#8221; background_enable_video_webm=&#8221;off&#8221; custom_button_one=&#8221;on&#8221; button_one_text_size=&#8221;20px&#8221; button_one_font=&#8221;||||||||&#8221; button_one_use_icon=&#8221;off&#8221; button_one_custom_margin=&#8221;||-1px||false|false&#8221; module_alignment=&#8221;center&#8221; custom_margin=&#8221;0px||||false|false&#8221; custom_padding=&#8221;22%|0px|22%|0px|false|false&#8221; global_colors_info=&#8221;{}&#8221;]<\/p>\n<p>For at producere Lasserre Honning Cognac Lik\u00f8r starter vi med at bruge de lokalt dyrkede<br \/>dyrkede Ugni Blanc-druer &#8211; gennem flere trin kan du f\u00f8lge vores<br \/>rejse fra vi plukker druerne, til vi tapper cognacen p\u00e5 flaske.<\/p>\n<p>&nbsp;<\/p>\n<p>&nbsp;<\/p>\n<p>&nbsp;<\/p>\n<p>&nbsp;<\/p>\n<p>[\/et_pb_fullwidth_header][et_pb_fullwidth_menu active_link_color=&#8221;#FFFFFF&#8221; logo_width=&#8221;100%&#8221; logo_max_width=&#8221;16%&#8221; show_cart_icon=&#8221;on&#8221; cart_icon_color=&#8221;#c38b62&#8243; search_icon_color=&#8221;#c38b62&#8243; menu_icon_color=&#8221;#c38b62&#8243; show_cart_icon_tablet=&#8221;off&#8221; show_cart_icon_phone=&#8221;off&#8221; show_cart_icon_last_edited=&#8221;on|phone&#8221; module_class=&#8221;pa-underline-color-swipe&#8221; _builder_version=&#8221;4.25.1&#8243; _module_preset=&#8221;default&#8221; menu_font=&#8221;Abel|700||on|||||&#8221; menu_text_color=&#8221;#FFFFFF&#8221; menu_font_size=&#8221;18px&#8221; background_color=&#8221;#000000&#8243; text_orientation=&#8221;center&#8221; width=&#8221;100%&#8221; module_alignment=&#8221;center&#8221; custom_margin=&#8221;0px||0px||false|false&#8221; custom_padding=&#8221;5px||10px||false|false&#8221; custom_padding_tablet=&#8221;0px||0px||false|false&#8221; custom_padding_phone=&#8221;0px||0px||false|false&#8221; custom_padding_last_edited=&#8221;on|desktop&#8221; sticky_position=&#8221;top&#8221; scroll_blur=&#8221;0|36|60|100|10|0|0&#8243; hover_enabled=&#8221;0&#8243; global_colors_info=&#8221;{}&#8221; background__sticky_enabled=&#8221;on|sticky&#8221; background_color__sticky=&#8221;rgba(0,0,0,0.78)&#8221; background_enable_color__sticky=&#8221;on&#8221; menu_id=&#8221;107&#8243; sticky_enabled=&#8221;0&#8243;][\/et_pb_fullwidth_menu][et_pb_fullwidth_header title=&#8221;H\u00f8sten&#8221; _builder_version=&#8221;4.18.0&#8243; _module_preset=&#8221;default&#8221; title_font=&#8221;Abel||||||||&#8221; title_text_align=&#8221;left&#8221; title_text_color=&#8221;#edb059&#8243; title_font_size=&#8221;60px&#8221; content_font=&#8221;Abel||||||||&#8221; content_text_align=&#8221;left&#8221; content_font_size=&#8221;21px&#8221; background_color=&#8221;RGBA(255,255,255,0)&#8221; background_image=&#8221;https:\/\/lasserrecognac.com\/wp-content\/uploads\/2022\/11\/Lasserre-Cognac-Harvest-1.jpg&#8221; background_position=&#8221;bottom_center&#8221; background_enable_video_mp4=&#8221;off&#8221; background_enable_video_webm=&#8221;off&#8221; custom_button_one=&#8221;on&#8221; button_one_text_size=&#8221;20px&#8221; button_one_font=&#8221;||||||||&#8221; button_one_use_icon=&#8221;off&#8221; button_one_custom_margin=&#8221;||-1px||false|false&#8221; module_alignment=&#8221;center&#8221; custom_margin=&#8221;0px||||false|false&#8221; custom_padding=&#8221;22%|0px|22%|0px|false|false&#8221; animation_style=&#8221;fade&#8221; animation_duration=&#8221;600ms&#8221; hover_transition_duration=&#8221;500ms&#8221; hover_transition_speed_curve=&#8221;ease-in&#8221; global_colors_info=&#8221;{}&#8221;]<\/p>\n<p>Vi begynder med selve oprindelsen af Ugni Blanc-druerne i Sydfrankrig. Druerne<br \/>h\u00f8stes til eau de vie, som senere bruges til Cognac. P\u00e5 grund af strenge regler<br \/>m\u00e5 der kun fremstilles Cognac i byen Cognac &#8211; p\u00e5 de 66.000 hektar i Petite Champagne.  <\/p>\n<p>&nbsp;<\/p>\n<p>&nbsp;<\/p>\n<p>&nbsp;<\/p>\n<p>&nbsp;<\/p>\n<p>[\/et_pb_fullwidth_header][et_pb_fullwidth_header title=&#8221;Destillering&#8221; _builder_version=&#8221;4.18.0&#8243; _module_preset=&#8221;default&#8221; title_font=&#8221;Abel||||||||&#8221; title_text_align=&#8221;left&#8221; title_text_color=&#8221;#edb059&#8243; title_font_size=&#8221;60px&#8221; content_font=&#8221;Abel||||||||&#8221; content_text_align=&#8221;left&#8221; content_font_size=&#8221;21px&#8221; background_color=&#8221;RGBA(255,255,255,0)&#8221; background_image=&#8221;https:\/\/lasserrecognac.com\/wp-content\/uploads\/2022\/11\/Lasserre-Cognac-Distillation-1.jpg&#8221; background_position=&#8221;bottom_center&#8221; background_enable_video_mp4=&#8221;off&#8221; background_enable_video_webm=&#8221;off&#8221; custom_button_one=&#8221;on&#8221; button_one_text_size=&#8221;20px&#8221; button_one_font=&#8221;||||||||&#8221; button_one_use_icon=&#8221;off&#8221; button_one_custom_margin=&#8221;||-1px||false|false&#8221; module_alignment=&#8221;center&#8221; custom_margin=&#8221;0px||||false|false&#8221; custom_padding=&#8221;22%|0px|22%|0px|false|false&#8221; animation_style=&#8221;fade&#8221; animation_duration=&#8221;600ms&#8221; hover_transition_duration=&#8221;500ms&#8221; hover_transition_speed_curve=&#8221;ease-in&#8221; global_colors_info=&#8221;{}&#8221;]<\/p>\n<p>Destillationsprocessen har v\u00e6ret brugt i \u00e5rhundreder! For at<br \/>forvandle vin til eau de vie. Det er en lang og delikat<br \/>destillationsproces ved hj\u00e6lp af vores kobberkedler.  <\/p>\n<p>&nbsp;<\/p>\n<p>&nbsp;<\/p>\n<p>&nbsp;<\/p>\n<p>&nbsp;<\/p>\n<p>[\/et_pb_fullwidth_header][et_pb_fullwidth_header title=&#8221;Modningen&#8221; _builder_version=&#8221;4.18.0&#8243; _module_preset=&#8221;default&#8221; title_font=&#8221;Abel||||||||&#8221; title_text_align=&#8221;left&#8221; title_text_color=&#8221;#edb059&#8243; title_font_size=&#8221;60px&#8221; content_font=&#8221;Abel||||||||&#8221; content_text_align=&#8221;left&#8221; content_font_size=&#8221;21px&#8221; background_color=&#8221;RGBA(255,255,255,0)&#8221; background_image=&#8221;https:\/\/lasserrecognac.com\/wp-content\/uploads\/2022\/11\/Lasserre-Cognac-Maturation-1.jpg&#8221; background_position=&#8221;bottom_center&#8221; background_enable_video_mp4=&#8221;off&#8221; background_enable_video_webm=&#8221;off&#8221; custom_button_one=&#8221;on&#8221; button_one_text_size=&#8221;20px&#8221; button_one_font=&#8221;||||||||&#8221; button_one_use_icon=&#8221;off&#8221; button_one_custom_margin=&#8221;||-1px||false|false&#8221; module_alignment=&#8221;center&#8221; custom_margin=&#8221;0px||||false|false&#8221; custom_padding=&#8221;22%|0px|22%|0px|false|false&#8221; animation_style=&#8221;fade&#8221; animation_duration=&#8221;600ms&#8221; hover_transition_duration=&#8221;500ms&#8221; hover_transition_speed_curve=&#8221;ease-in&#8221; global_colors_info=&#8221;{}&#8221;]<\/p>\n<p>Eau de vie og vores tr\u00e6fade kombinerer smagene s\u00e5vel som farver. Al vores eau de vie lagres i mindst to et halvt \u00e5r, f\u00f8r den udv\u00e6lges til smagning. <\/p>\n<p>&nbsp;<\/p>\n<p>&nbsp;<\/p>\n<p>&nbsp;<\/p>\n<p>&nbsp;<\/p>\n<p>[\/et_pb_fullwidth_header][et_pb_fullwidth_header title=&#8221;Smagningen&#8221; _builder_version=&#8221;4.18.0&#8243; _module_preset=&#8221;default&#8221; title_font=&#8221;Abel||||||||&#8221; title_text_align=&#8221;left&#8221; title_text_color=&#8221;#edb059&#8243; title_font_size=&#8221;60px&#8221; content_font=&#8221;Abel||||||||&#8221; content_text_align=&#8221;left&#8221; content_font_size=&#8221;21px&#8221; background_color=&#8221;RGBA(255,255,255,0)&#8221; background_image=&#8221;https:\/\/lasserrecognac.com\/wp-content\/uploads\/2022\/11\/Lasserre-Cognac-tasting-1.jpg&#8221; background_position=&#8221;bottom_center&#8221; background_enable_video_mp4=&#8221;off&#8221; background_enable_video_webm=&#8221;off&#8221; custom_button_one=&#8221;on&#8221; button_one_text_size=&#8221;20px&#8221; button_one_font=&#8221;||||||||&#8221; button_one_use_icon=&#8221;off&#8221; button_one_custom_margin=&#8221;||-1px||false|false&#8221; module_alignment=&#8221;center&#8221; custom_margin=&#8221;0px||||false|false&#8221; custom_padding=&#8221;22%|0px|22%|0px|false|false&#8221; animation_style=&#8221;fade&#8221; animation_duration=&#8221;600ms&#8221; hover_transition_duration=&#8221;500ms&#8221; hover_transition_speed_curve=&#8221;ease-in&#8221; global_colors_info=&#8221;{}&#8221;]<\/p>\n<p>Eau de vie bliver altid smagt til p\u00e5 forh\u00e5nd for at sikre<br \/>at vi bruger den bedste kvalitet. Modning er den eneste faktor<br \/>der afg\u00f8r kvaliteten af en cognac. <\/p>\n<p>&nbsp;<\/p>\n<p>&nbsp;<\/p>\n<p>&nbsp;<\/p>\n<p>&nbsp;<\/p>\n<p>[\/et_pb_fullwidth_header][et_pb_fullwidth_header title=&#8221;Blandingen&#8221; _builder_version=&#8221;4.18.0&#8243; _module_preset=&#8221;default&#8221; title_font=&#8221;Abel||||||||&#8221; title_text_align=&#8221;left&#8221; title_text_color=&#8221;#edb059&#8243; title_font_size=&#8221;60px&#8221; content_font=&#8221;Abel||||||||&#8221; content_text_align=&#8221;left&#8221; content_font_size=&#8221;21px&#8221; background_color=&#8221;RGBA(255,255,255,0)&#8221; background_image=&#8221;https:\/\/lasserrecognac.com\/wp-content\/uploads\/2022\/11\/Lasserre-Cognac-blending-1.jpg&#8221; background_position=&#8221;bottom_center&#8221; background_enable_video_mp4=&#8221;off&#8221; background_enable_video_webm=&#8221;off&#8221; custom_button_one=&#8221;on&#8221; button_one_text_size=&#8221;20px&#8221; button_one_font=&#8221;||||||||&#8221; button_one_use_icon=&#8221;off&#8221; button_one_custom_margin=&#8221;||-1px||false|false&#8221; module_alignment=&#8221;center&#8221; custom_margin=&#8221;0px||||false|false&#8221; custom_padding=&#8221;22%|0px|22%|0px|false|false&#8221; animation_style=&#8221;fade&#8221; animation_duration=&#8221;600ms&#8221; hover_transition_duration=&#8221;500ms&#8221; hover_transition_speed_curve=&#8221;ease-in&#8221; global_colors_info=&#8221;{}&#8221;]<\/p>\n<p>Eau de vie er valgt efter modning i mindst to og et halvt \u00e5r.<br \/>Naturlig honning er tilsat for at give en s\u00f8d smag.<br \/>Ingef\u00e6rekstrakt er tilsat for den bl\u00f8de smag. <\/p>\n<p>&nbsp;<\/p>\n<p>&nbsp;<\/p>\n<p>&nbsp;<\/p>\n<p>[\/et_pb_fullwidth_header][et_pb_fullwidth_header title=&#8221;Aftapningen&#8221; _builder_version=&#8221;4.25.1&#8243; _module_preset=&#8221;default&#8221; title_font=&#8221;Abel||||||||&#8221; title_text_align=&#8221;left&#8221; title_text_color=&#8221;#edb059&#8243; title_font_size=&#8221;60px&#8221; content_font=&#8221;Abel||||||||&#8221; content_text_align=&#8221;left&#8221; content_font_size=&#8221;21px&#8221; background_enable_color=&#8221;off&#8221; use_background_color_gradient=&#8221;on&#8221; background_color_gradient_stops=&#8221;rgba(0,0,0,0.4) 0%|rgba(0,0,0,0.4) 100%&#8221; background_color_gradient_overlays_image=&#8221;on&#8221; background_image=&#8221;https:\/\/lasserrecognac.com\/wp-content\/uploads\/2024\/09\/IMG-20240513-WA0005.jpg&#8221; background_repeat=&#8221;repeat&#8221; background_enable_video_mp4=&#8221;off&#8221; background_enable_video_webm=&#8221;off&#8221; custom_button_one=&#8221;on&#8221; button_one_text_size=&#8221;20px&#8221; button_one_font=&#8221;||||||||&#8221; button_one_use_icon=&#8221;off&#8221; button_one_custom_margin=&#8221;||-1px||false|false&#8221; width=&#8221;100%&#8221; max_width=&#8221;100%&#8221; module_alignment=&#8221;center&#8221; custom_margin=&#8221;0px||||false|false&#8221; custom_padding=&#8221;20%|0px|13%|0px|false|false&#8221; animation_style=&#8221;fade&#8221; animation_duration=&#8221;600ms&#8221; hover_transition_duration=&#8221;500ms&#8221; hover_transition_speed_curve=&#8221;ease-in&#8221; global_colors_info=&#8221;{}&#8221;]<\/p>\n<p>Blandingen er valgt, og nu kan aftapningsprocessen begynde.<br \/>Lige s\u00e5 smuk og unik processen er for at f\u00e5 den rigtige blanding.<br \/>Lige s\u00e5 unik som indersiden er, lige s\u00e5 unik er ydersiden af flasken.<\/p>\n<p>&nbsp;<\/p>\n<p>&nbsp;<\/p>\n<p>&#8211; Lasserre Honning Cognac Lik\u00f8r, et produkt fra Frankrig.<\/p>\n<p>&nbsp;<\/p>\n<p>&nbsp;<\/p>\n<p>[\/et_pb_fullwidth_header][\/et_pb_section][et_pb_section fb_built=&#8221;1&#8243; _builder_version=&#8221;4.18.0&#8243; _module_preset=&#8221;default&#8221; custom_padding=&#8221;60px||0px||false|false&#8221; border_color_all=&#8221;#000000&#8243; border_width_top=&#8221;1px&#8221; border_color_top=&#8221;rgba(10,10,10,0.15)&#8221; global_module=&#8221;284531&#8243; saved_tabs=&#8221;all&#8221; global_colors_info=&#8221;{}&#8221;][et_pb_row _builder_version=&#8221;4.18.0&#8243; _module_preset=&#8221;default&#8221; global_colors_info=&#8221;{}&#8221;][et_pb_column type=&#8221;4_4&#8243; _builder_version=&#8221;4.18.0&#8243; _module_preset=&#8221;default&#8221; global_colors_info=&#8221;{}&#8221;][et_pb_signup mailchimp_list=&#8221;LasserreEurope|0611007ee1&#8243; first_name_field=&#8221;off&#8221; last_name_field=&#8221;off&#8221; title=&#8221;Nyhedsbrev&#8221; button_text=&#8221;TILMELD&#8221; _builder_version=&#8221;4.25.1&#8243; _module_preset=&#8221;default&#8221; form_field_background_color=&#8221;#c38b62&#8243; form_field_text_color=&#8221;#FFFFFF&#8221; form_field_focus_background_color=&#8221;#c38b62&#8243; form_field_focus_text_color=&#8221;#FFFFFF&#8221; header_font=&#8221;Abel|700||on|||||&#8221; header_font_size=&#8221;30px&#8221; header_letter_spacing=&#8221;3px&#8221; body_font=&#8221;Abel||||||||&#8221; body_text_color=&#8221;#000000&#8243; body_font_size=&#8221;17px&#8221; form_field_font=&#8221;Abel||||||||&#8221; form_field_font_size=&#8221;17px&#8221; background_color=&#8221;RGBA(255,255,255,0)&#8221; custom_button=&#8221;on&#8221; button_text_color=&#8221;#FFFFFF&#8221; button_bg_color=&#8221;#c38b62&#8243; button_border_width=&#8221;0px&#8221; button_font=&#8221;Abel||||||||&#8221; background_layout=&#8221;light&#8221; width=&#8221;100%&#8221; max_width=&#8221;100%&#8221; custom_margin=&#8221;||0px||false|false&#8221; global_colors_info=&#8221;{}&#8221;][\/et_pb_signup][et_pb_divider show_divider=&#8221;off&#8221; _builder_version=&#8221;4.18.0&#8243; _module_preset=&#8221;default&#8221; width=&#8221;100%&#8221; height=&#8221;50px&#8221; global_colors_info=&#8221;{}&#8221;][\/et_pb_divider][\/et_pb_column][\/et_pb_row][et_pb_row column_structure=&#8221;1_4,1_4,1_4,1_4&#8243; _builder_version=&#8221;4.18.0&#8243; _module_preset=&#8221;default&#8221; global_colors_info=&#8221;{}&#8221;][et_pb_column type=&#8221;1_4&#8243; _builder_version=&#8221;4.18.0&#8243; _module_preset=&#8221;default&#8221; global_colors_info=&#8221;{}&#8221;][et_pb_text _builder_version=&#8221;4.25.1&#8243; _module_preset=&#8221;default&#8221; text_font=&#8221;Abel||||||||&#8221; text_font_size=&#8221;17px&#8221; text_line_height=&#8221;1.4em&#8221; link_text_color=&#8221;#000000&#8243; header_2_font=&#8221;Abel|||on|||||&#8221; header_2_font_size=&#8221;17px&#8221; global_colors_info=&#8221;{}&#8221;]<\/p>\n<h2><strong>Cocktails og drinks<br \/><\/strong><strong>____<\/strong><\/h2>\n<p><a href=\"https:\/\/lasserrecognac.com\/da\/cocktails-og-drinks\/\">Cocktails og drinks<\/a><a href=\"\/cocktails-and-drinks\/\"><\/a><\/p>\n<p><a href=\"https:\/\/lasserrecognac.com\/da\/madparring\/\">Kombination med mad<\/a><\/p>\n<p>&nbsp;<\/p>\n<p>[\/et_pb_text][\/et_pb_column][et_pb_column type=&#8221;1_4&#8243; _builder_version=&#8221;4.18.0&#8243; _module_preset=&#8221;default&#8221; global_colors_info=&#8221;{}&#8221;][et_pb_text _builder_version=&#8221;4.25.1&#8243; _module_preset=&#8221;default&#8221; text_font=&#8221;Abel||||||||&#8221; text_font_size=&#8221;17px&#8221; text_line_height=&#8221;1.4em&#8221; link_text_color=&#8221;#000000&#8243; header_2_font=&#8221;Abel|||on|||||&#8221; header_2_font_size=&#8221;17px&#8221; global_colors_info=&#8221;{}&#8221;]<\/p>\n<h2><strong>Butik<br \/><\/strong><strong>____<\/strong><\/h2>\n<p><a href=\"https:\/\/lasserrecognac.com\/da\/vilkar-og-betingelser\/\">Forsendelse<\/a><\/p>\n<p><a href=\"https:\/\/lasserrecognac.com\/da\/kontakt\/\">Bliv forhandler<\/a><\/p>\n<p><a href=\"https:\/\/lasserrecognac.com\/product\/lasserre-honning-cognac-likor\/\">Flaske indhold<\/a><\/p>\n<p>&nbsp;<\/p>\n<p>[\/et_pb_text][\/et_pb_column][et_pb_column type=&#8221;1_4&#8243; _builder_version=&#8221;4.18.0&#8243; _module_preset=&#8221;default&#8221; global_colors_info=&#8221;{}&#8221;][et_pb_text _builder_version=&#8221;4.25.1&#8243; _module_preset=&#8221;default&#8221; text_font=&#8221;Abel||||||||&#8221; text_font_size=&#8221;17px&#8221; link_text_color=&#8221;#000000&#8243; header_2_font=&#8221;Abel|||on|||||&#8221; header_2_font_size=&#8221;17px&#8221; global_colors_info=&#8221;{}&#8221;]<\/p>\n<h2><strong>Historie<br \/><\/strong><strong>____<\/strong><\/h2>\n<p><a href=\"https:\/\/lasserrecognac.com\/da\/historie\/\">Om os<\/a><\/p>\n<p><a href=\"https:\/\/lasserrecognac.com\/da\/kontakt\/\">Kontakt os<\/a><\/p>\n<p>&nbsp;<\/p>\n<p>&nbsp;<\/p>\n<p>[\/et_pb_text][\/et_pb_column][et_pb_column type=&#8221;1_4&#8243; _builder_version=&#8221;4.18.0&#8243; _module_preset=&#8221;default&#8221; global_colors_info=&#8221;{}&#8221;][et_pb_text _builder_version=&#8221;4.23.1&#8243; _module_preset=&#8221;default&#8221; header_2_font=&#8221;Abel|||on|||||&#8221; header_2_font_size=&#8221;17px&#8221; global_colors_info=&#8221;{}&#8221;]<\/p>\n<h2><strong>Kontakt<br \/>____<\/strong><\/h2>\n<p><span style=\"color: #c38b62;\"><strong><a href=\"mailto:sales@lasserrecognac.com\" title=\"Lasserre Cognac VS\" style=\"color: #c38b62;\">sales@lasserrecognac.com<\/a><\/strong><\/span><\/p>\n<p><span style=\"color: #c38b62;\"><strong><a href=\"tel:+45533-537-79\" style=\"color: #c38b62;\">+45 533 537 79<\/a><\/strong><\/span><\/p>\n<p>[\/et_pb_text][\/et_pb_column][\/et_pb_row][\/et_pb_section]<\/p>\n","protected":false},"excerpt":{"rendered":"<p>For at producere Lasserre Honning Cognac Lik\u00f8r starter vi med at bruge de lokalt dyrkededyrkede Ugni Blanc-druer &#8211; gennem flere trin kan du f\u00f8lge voresrejse fra vi plukker druerne, til vi tapper cognacen p\u00e5 flaske. &nbsp; &nbsp; &nbsp; &nbsp;Vi begynder med selve oprindelsen af Ugni Blanc-druerne i Sydfrankrig. Druerneh\u00f8stes til eau de vie, som senere [&hellip;]<\/p>\n","protected":false},"author":1,"featured_media":0,"parent":0,"menu_order":0,"comment_status":"closed","ping_status":"closed","template":"","meta":{"_et_pb_use_builder":"on","_et_pb_old_content":"","_et_gb_content_width":"","footnotes":""},"class_list":["post-284414","page","type-page","status-publish","hentry"],"yoast_head":"<!-- This site is optimized with the Yoast SEO plugin v27.6 - https:\/\/yoast.com\/product\/yoast-seo-wordpress\/ -->\n<title>Historie - Lasserre Honning Cognac Lik\u00f8r | Lasserre Cognac<\/title>\n<meta name=\"description\" content=\"Historien bag Lasserre Cognac, er en fantastisk rejse, der starter i USA og g\u00e5r hele vejen til Cognac i Frankrig.\" \/>\n<meta name=\"robots\" content=\"index, follow, max-snippet:-1, max-image-preview:large, max-video-preview:-1\" \/>\n<link rel=\"canonical\" href=\"https:\/\/lasserrecognac.com\/da\/historie\/\" \/>\n<meta property=\"og:locale\" content=\"da_DK\" \/>\n<meta property=\"og:type\" content=\"article\" \/>\n<meta property=\"og:title\" content=\"Historie - Lasserre Honning Cognac Lik\u00f8r | Lasserre Cognac\" \/>\n<meta property=\"og:description\" content=\"Historien bag Lasserre Cognac, er en fantastisk rejse, der starter i USA og g\u00e5r hele vejen til Cognac i Frankrig.\" \/>\n<meta property=\"og:url\" content=\"https:\/\/lasserrecognac.com\/da\/historie\/\" \/>\n<meta property=\"og:site_name\" content=\"Lasserre Cognac\" \/>\n<meta property=\"article:modified_time\" content=\"2024-10-04T18:52:52+00:00\" \/>\n<meta name=\"twitter:card\" content=\"summary_large_image\" \/>\n<meta name=\"twitter:label1\" content=\"Estimeret l\u00e6setid\" \/>\n\t<meta name=\"twitter:data1\" content=\"9 minutter\" \/>\n<script type=\"application\/ld+json\" class=\"yoast-schema-graph\">{\"@context\":\"https:\\\/\\\/schema.org\",\"@graph\":[{\"@type\":\"WebPage\",\"@id\":\"https:\\\/\\\/lasserrecognac.com\\\/da\\\/historie\\\/\",\"url\":\"https:\\\/\\\/lasserrecognac.com\\\/da\\\/historie\\\/\",\"name\":\"Historie - Lasserre Honning Cognac Lik\u00f8r | Lasserre Cognac\",\"isPartOf\":{\"@id\":\"https:\\\/\\\/lasserrecognac.com\\\/#website\"},\"datePublished\":\"2022-11-08T16:42:28+00:00\",\"dateModified\":\"2024-10-04T18:52:52+00:00\",\"description\":\"Historien bag Lasserre Cognac, er en fantastisk rejse, der starter i USA og g\u00e5r hele vejen til Cognac i Frankrig.\",\"breadcrumb\":{\"@id\":\"https:\\\/\\\/lasserrecognac.com\\\/da\\\/historie\\\/#breadcrumb\"},\"inLanguage\":\"da-DK\",\"potentialAction\":[{\"@type\":\"ReadAction\",\"target\":[\"https:\\\/\\\/lasserrecognac.com\\\/da\\\/historie\\\/\"]}]},{\"@type\":\"BreadcrumbList\",\"@id\":\"https:\\\/\\\/lasserrecognac.com\\\/da\\\/historie\\\/#breadcrumb\",\"itemListElement\":[{\"@type\":\"ListItem\",\"position\":1,\"name\":\"Home\",\"item\":\"https:\\\/\\\/lasserrecognac.com\\\/da\\\/\"},{\"@type\":\"ListItem\",\"position\":2,\"name\":\"Historie\"}]},{\"@type\":\"WebSite\",\"@id\":\"https:\\\/\\\/lasserrecognac.com\\\/#website\",\"url\":\"https:\\\/\\\/lasserrecognac.com\\\/\",\"name\":\"Lasserre Cognac\",\"description\":\"Lasserre Cognac\",\"potentialAction\":[{\"@type\":\"SearchAction\",\"target\":{\"@type\":\"EntryPoint\",\"urlTemplate\":\"https:\\\/\\\/lasserrecognac.com\\\/?s={search_term_string}\"},\"query-input\":{\"@type\":\"PropertyValueSpecification\",\"valueRequired\":true,\"valueName\":\"search_term_string\"}}],\"inLanguage\":\"da-DK\"}]}<\/script>\n<!-- \/ Yoast SEO plugin. -->","yoast_head_json":{"title":"Historie - Lasserre Honning Cognac Lik\u00f8r | Lasserre Cognac","description":"Historien bag Lasserre Cognac, er en fantastisk rejse, der starter i USA og g\u00e5r hele vejen til Cognac i Frankrig.","robots":{"index":"index","follow":"follow","max-snippet":"max-snippet:-1","max-image-preview":"max-image-preview:large","max-video-preview":"max-video-preview:-1"},"canonical":"https:\/\/lasserrecognac.com\/da\/historie\/","og_locale":"da_DK","og_type":"article","og_title":"Historie - Lasserre Honning Cognac Lik\u00f8r | Lasserre Cognac","og_description":"Historien bag Lasserre Cognac, er en fantastisk rejse, der starter i USA og g\u00e5r hele vejen til Cognac i Frankrig.","og_url":"https:\/\/lasserrecognac.com\/da\/historie\/","og_site_name":"Lasserre Cognac","article_modified_time":"2024-10-04T18:52:52+00:00","twitter_card":"summary_large_image","twitter_misc":{"Estimeret l\u00e6setid":"9 minutter"},"schema":{"@context":"https:\/\/schema.org","@graph":[{"@type":"WebPage","@id":"https:\/\/lasserrecognac.com\/da\/historie\/","url":"https:\/\/lasserrecognac.com\/da\/historie\/","name":"Historie - Lasserre Honning Cognac Lik\u00f8r | Lasserre Cognac","isPartOf":{"@id":"https:\/\/lasserrecognac.com\/#website"},"datePublished":"2022-11-08T16:42:28+00:00","dateModified":"2024-10-04T18:52:52+00:00","description":"Historien bag Lasserre Cognac, er en fantastisk rejse, der starter i USA og g\u00e5r hele vejen til Cognac i Frankrig.","breadcrumb":{"@id":"https:\/\/lasserrecognac.com\/da\/historie\/#breadcrumb"},"inLanguage":"da-DK","potentialAction":[{"@type":"ReadAction","target":["https:\/\/lasserrecognac.com\/da\/historie\/"]}]},{"@type":"BreadcrumbList","@id":"https:\/\/lasserrecognac.com\/da\/historie\/#breadcrumb","itemListElement":[{"@type":"ListItem","position":1,"name":"Home","item":"https:\/\/lasserrecognac.com\/da\/"},{"@type":"ListItem","position":2,"name":"Historie"}]},{"@type":"WebSite","@id":"https:\/\/lasserrecognac.com\/#website","url":"https:\/\/lasserrecognac.com\/","name":"Lasserre Cognac","description":"Lasserre Cognac","potentialAction":[{"@type":"SearchAction","target":{"@type":"EntryPoint","urlTemplate":"https:\/\/lasserrecognac.com\/?s={search_term_string}"},"query-input":{"@type":"PropertyValueSpecification","valueRequired":true,"valueName":"search_term_string"}}],"inLanguage":"da-DK"}]}},"_links":{"self":[{"href":"https:\/\/lasserrecognac.com\/da\/wp-json\/wp\/v2\/pages\/284414","targetHints":{"allow":["GET"]}}],"collection":[{"href":"https:\/\/lasserrecognac.com\/da\/wp-json\/wp\/v2\/pages"}],"about":[{"href":"https:\/\/lasserrecognac.com\/da\/wp-json\/wp\/v2\/types\/page"}],"author":[{"embeddable":true,"href":"https:\/\/lasserrecognac.com\/da\/wp-json\/wp\/v2\/users\/1"}],"replies":[{"embeddable":true,"href":"https:\/\/lasserrecognac.com\/da\/wp-json\/wp\/v2\/comments?post=284414"}],"version-history":[{"count":4,"href":"https:\/\/lasserrecognac.com\/da\/wp-json\/wp\/v2\/pages\/284414\/revisions"}],"predecessor-version":[{"id":284744,"href":"https:\/\/lasserrecognac.com\/da\/wp-json\/wp\/v2\/pages\/284414\/revisions\/284744"}],"wp:attachment":[{"href":"https:\/\/lasserrecognac.com\/da\/wp-json\/wp\/v2\/media?parent=284414"}],"curies":[{"name":"wp","href":"https:\/\/api.w.org\/{rel}","templated":true}]}}