{"id":284442,"date":"2022-04-10T15:52:28","date_gmt":"2022-04-10T15:52:28","guid":{"rendered":"https:\/\/lasserrecognac.com\/kontakt\/"},"modified":"2024-09-23T20:55:46","modified_gmt":"2024-09-23T20:55:46","slug":"kontakt","status":"publish","type":"page","link":"https:\/\/lasserrecognac.com\/da\/kontakt\/","title":{"rendered":"Kontakt"},"content":{"rendered":"<p>[et_pb_section fb_built=&#8221;1&#8243; module_class=&#8221;pa-underline-color-swipe&#8221; _builder_version=&#8221;4.18.0&#8243; _module_preset=&#8221;default&#8221; background_color=&#8221;#000000&#8243; custom_margin=&#8221;||||false|false&#8221; custom_padding=&#8221;0px||0px||false|false&#8221; global_colors_info=&#8221;{}&#8221;][et_pb_row _builder_version=&#8221;4.18.0&#8243; _module_preset=&#8221;default&#8221; custom_padding=&#8221;0px||0px||false|false&#8221; global_colors_info=&#8221;{}&#8221;][et_pb_column type=&#8221;4_4&#8243; _builder_version=&#8221;4.18.0&#8243; _module_preset=&#8221;default&#8221; global_colors_info=&#8221;{}&#8221;][et_pb_menu menu_id=&#8221;107&#8243; show_cart_icon=&#8221;on&#8221; cart_icon_color=&#8221;#c38b62&#8243; search_icon_color=&#8221;#c38b62&#8243; menu_icon_color=&#8221;#c38b62&#8243; show_cart_icon_tablet=&#8221;off&#8221; show_cart_icon_phone=&#8221;off&#8221; show_cart_icon_last_edited=&#8221;on|phone&#8221; _builder_version=&#8221;4.25.1&#8243; _module_preset=&#8221;default&#8221; menu_font=&#8221;Abel|700||on|||||&#8221; menu_text_color=&#8221;#FFFFFF&#8221; menu_font_size=&#8221;18px&#8221; background_color=&#8221;rgba(0,0,0,0.7)&#8221; text_orientation=&#8221;center&#8221; custom_padding=&#8221;1px||25px||false|false&#8221; custom_padding_last_edited=&#8221;off|desktop&#8221; sticky_position=&#8221;top&#8221; sticky_limit_bottom=&#8221;body&#8221; global_colors_info=&#8221;{}&#8221; background__sticky_enabled=&#8221;on|desktop&#8221; background_color__sticky=&#8221;rgba(0,0,0,0.7)&#8221; background_enable_color__sticky=&#8221;on&#8221; custom_padding__sticky_enabled=&#8221;on|sticky&#8221; custom_padding__sticky=&#8221;25px||25px||false|false&#8221;][\/et_pb_menu][\/et_pb_column][\/et_pb_row][\/et_pb_section][et_pb_section fb_built=&#8221;1&#8243; admin_label=&#8221;RSVP&#8221; _builder_version=&#8221;4.16&#8243; _module_preset=&#8221;default&#8221; background_image=&#8221;https:\/\/lasserrecognac.com\/wp-content\/uploads\/2022\/11\/Lasserre-Cognac-tasting-1.jpg&#8221; collapsed=&#8221;on&#8221; global_colors_info=&#8221;{}&#8221;][et_pb_row custom_padding_last_edited=&#8221;on|desktop&#8221; _builder_version=&#8221;4.18.0&#8243; _module_preset=&#8221;default&#8221; background_color=&#8221;#FFFFFF&#8221; custom_padding=&#8221;90px|165px|90px|165px|true|false&#8221; custom_padding_tablet=&#8221;30px|30px|30px|30px|true|true&#8221; custom_padding_phone=&#8221;20px|20px|20px|20px|true|true&#8221; border_width_all=&#8221;1px&#8221; border_color_all=&#8221;#AF7E62&#8243; global_colors_info=&#8221;{}&#8221;][et_pb_column type=&#8221;4_4&#8243; _builder_version=&#8221;4.18.0&#8243; _module_preset=&#8221;default&#8221; global_colors_info=&#8221;{}&#8221;][et_pb_text _builder_version=&#8221;4.18.0&#8243; _module_preset=&#8221;c16985e1-e0d6-4022-964d-e2bfc04fa633&#8243; header_font=&#8221;Abel|500|||||||&#8221; header_text_color=&#8221;gcid-f9263e8f-2107-49f5-ba75-c9d329a43ae4&#8243; header_font_size=&#8221;70px&#8221; header_line_height=&#8221;1.1em&#8221; text_orientation=&#8221;center&#8221; custom_margin=&#8221;||10px||false|false&#8221; header_font_size_tablet=&#8221;40px&#8221; header_font_size_phone=&#8221;32px&#8221; header_font_size_last_edited=&#8221;on|phone&#8221; global_colors_info=&#8221;{%22gcid-f9263e8f-2107-49f5-ba75-c9d329a43ae4%22:%91%22header_text_color%22%93}&#8221;]<\/p>\n<h1>Kontakt os<\/h1>\n<p>[\/et_pb_text][et_pb_text _builder_version=&#8221;4.18.0&#8243; _module_preset=&#8221;aaa7c440-590a-4078-ae0c-0f3c699ac51c&#8221; text_font=&#8221;Abel||||||||&#8221; text_font_size=&#8221;17px&#8221; header_font=&#8221;||||||||&#8221; header_3_font=&#8221;Abel|600|||||||&#8221; header_3_font_size=&#8221;36px&#8221; header_3_line_height=&#8221;1.2em&#8221; text_orientation=&#8221;center&#8221; custom_margin=&#8221;||0px||false|false&#8221; header_3_font_size_tablet=&#8221;20px&#8221; header_3_font_size_phone=&#8221;16px&#8221; header_3_font_size_last_edited=&#8221;on|phone&#8221; global_colors_info=&#8221;{}&#8221;]<\/p>\n<h3>Har du et sp\u00f8rgsm\u00e5l eller en forretningsforesp\u00f8rgsel?<\/h3>\n<p>Du er velkommen til at kontakte os.<br \/>\nVi vil behandle din anmodning s\u00e5 hurtigt som muligt. <\/p>\n<p>[\/et_pb_text][et_pb_divider show_divider=&#8221;off&#8221; _builder_version=&#8221;4.18.0&#8243; _module_preset=&#8221;default&#8221; height=&#8221;75px&#8221; global_colors_info=&#8221;{}&#8221;][\/et_pb_divider][et_pb_contact_form captcha=&#8221;off&#8221; email=&#8221;sales@lasserrecognac.com&#8221; module_id=&#8221;et_pb_contact_form_00&#8243; _builder_version=&#8221;4.25.1&#8243; _module_preset=&#8221;5f451234-b662-41cf-8ad7-48c40d2afa7f&#8221; _unique_id=&#8221;37352547-b97b-4413-85e2-b00056b20234&#8243; form_field_background_color=&#8221;RGBA(255,255,255,0)&#8221; form_field_text_color=&#8221;gcid-dde5a108-6ff0-4332-95cd-17313c181436&#8243; form_field_custom_padding=&#8221;14px|20px|14px|20px|true|true&#8221; form_field_font=&#8221;Abel||||||||&#8221; form_field_font_size=&#8221;17px&#8221; custom_button=&#8221;on&#8221; button_text_size=&#8221;16px&#8221; button_text_color=&#8221;#FFFFFF&#8221; button_bg_color=&#8221;#c38b62&#8243; button_border_width=&#8221;0px&#8221; button_border_radius=&#8221;0px&#8221; button_letter_spacing=&#8221;0.2em&#8221; button_font=&#8221;Abel|700||on|||||&#8221; button_custom_padding=&#8221;16px|24px|16px|24px|true|true&#8221; form_field_font_size_tablet=&#8221;15px&#8221; form_field_font_size_phone=&#8221;14px&#8221; form_field_font_size_last_edited=&#8221;on|desktop&#8221; border_width_all=&#8221;1px&#8221; locked=&#8221;off&#8221; global_colors_info=&#8221;{%22gcid-dde5a108-6ff0-4332-95cd-17313c181436%22:%91%22form_field_text_color%22%93}&#8221; button_bg_color__hover_enabled=&#8221;on|desktop&#8221; button_bg_color__hover=&#8221;#c38b62&#8243; button_bg_enable_color__hover=&#8221;on&#8221;][et_pb_contact_field field_id=&#8221;Name&#8221; field_title=&#8221;Navn&#8221; fullwidth_field=&#8221;on&#8221; _builder_version=&#8221;4.25.1&#8243; _module_preset=&#8221;default&#8221; global_colors_info=&#8221;{}&#8221; button_text_size__hover_enabled=&#8221;off&#8221; button_one_text_size__hover_enabled=&#8221;off&#8221; button_two_text_size__hover_enabled=&#8221;off&#8221; button_text_color__hover_enabled=&#8221;off&#8221; button_one_text_color__hover_enabled=&#8221;off&#8221; button_two_text_color__hover_enabled=&#8221;off&#8221; button_border_width__hover_enabled=&#8221;off&#8221; button_one_border_width__hover_enabled=&#8221;off&#8221; button_two_border_width__hover_enabled=&#8221;off&#8221; button_border_color__hover_enabled=&#8221;off&#8221; button_one_border_color__hover_enabled=&#8221;off&#8221; button_two_border_color__hover_enabled=&#8221;off&#8221; button_border_radius__hover_enabled=&#8221;off&#8221; button_one_border_radius__hover_enabled=&#8221;off&#8221; button_two_border_radius__hover_enabled=&#8221;off&#8221; button_letter_spacing__hover_enabled=&#8221;off&#8221; button_one_letter_spacing__hover_enabled=&#8221;off&#8221; button_two_letter_spacing__hover_enabled=&#8221;off&#8221; button_bg_color__hover_enabled=&#8221;off&#8221; button_one_bg_color__hover_enabled=&#8221;off&#8221; button_two_bg_color__hover_enabled=&#8221;off&#8221;][\/et_pb_contact_field][et_pb_contact_field field_id=&#8221;Email&#8221; field_title=&#8221;Email&#8221; field_type=&#8221;email&#8221; fullwidth_field=&#8221;on&#8221; _builder_version=&#8221;4.25.1&#8243; _module_preset=&#8221;default&#8221; global_colors_info=&#8221;{}&#8221; button_text_size__hover_enabled=&#8221;off&#8221; button_one_text_size__hover_enabled=&#8221;off&#8221; button_two_text_size__hover_enabled=&#8221;off&#8221; button_text_color__hover_enabled=&#8221;off&#8221; button_one_text_color__hover_enabled=&#8221;off&#8221; button_two_text_color__hover_enabled=&#8221;off&#8221; button_border_width__hover_enabled=&#8221;off&#8221; button_one_border_width__hover_enabled=&#8221;off&#8221; button_two_border_width__hover_enabled=&#8221;off&#8221; button_border_color__hover_enabled=&#8221;off&#8221; button_one_border_color__hover_enabled=&#8221;off&#8221; button_two_border_color__hover_enabled=&#8221;off&#8221; button_border_radius__hover_enabled=&#8221;off&#8221; button_one_border_radius__hover_enabled=&#8221;off&#8221; button_two_border_radius__hover_enabled=&#8221;off&#8221; button_letter_spacing__hover_enabled=&#8221;off&#8221; button_one_letter_spacing__hover_enabled=&#8221;off&#8221; button_two_letter_spacing__hover_enabled=&#8221;off&#8221; button_bg_color__hover_enabled=&#8221;off&#8221; button_one_bg_color__hover_enabled=&#8221;off&#8221; button_two_bg_color__hover_enabled=&#8221;off&#8221;][\/et_pb_contact_field][et_pb_contact_field field_id=&#8221;Subject&#8221; field_title=&#8221;Emne&#8221; field_type=&#8221;select&#8221; select_options=&#8221;%91{%22value%22:%22General inquiry%22,%22checked%22:0,%22dragID%22:-1},{%22dragID%22:1,%22value%22:%22Order question%22,%22checked%22:0},{%22dragID%22:0,%22value%22:%22Become a reseller%22,%22checked%22:0},{%22dragID%22:2,%22value%22:%22Commercial propositions%22,%22checked%22:0}%93&#8243; fullwidth_field=&#8221;on&#8221; _builder_version=&#8221;4.25.1&#8243; _module_preset=&#8221;default&#8221; global_colors_info=&#8221;{}&#8221;][\/et_pb_contact_field][et_pb_contact_field field_id=&#8221;Message&#8221; field_title=&#8221;Besked&#8221; field_type=&#8221;text&#8221; fullwidth_field=&#8221;on&#8221; _builder_version=&#8221;4.25.1&#8243; _module_preset=&#8221;default&#8221; global_colors_info=&#8221;{}&#8221; button_text_size__hover_enabled=&#8221;off&#8221; button_one_text_size__hover_enabled=&#8221;off&#8221; button_two_text_size__hover_enabled=&#8221;off&#8221; button_text_color__hover_enabled=&#8221;off&#8221; button_one_text_color__hover_enabled=&#8221;off&#8221; button_two_text_color__hover_enabled=&#8221;off&#8221; button_border_width__hover_enabled=&#8221;off&#8221; button_one_border_width__hover_enabled=&#8221;off&#8221; button_two_border_width__hover_enabled=&#8221;off&#8221; button_border_color__hover_enabled=&#8221;off&#8221; button_one_border_color__hover_enabled=&#8221;off&#8221; button_two_border_color__hover_enabled=&#8221;off&#8221; button_border_radius__hover_enabled=&#8221;off&#8221; button_one_border_radius__hover_enabled=&#8221;off&#8221; button_two_border_radius__hover_enabled=&#8221;off&#8221; button_letter_spacing__hover_enabled=&#8221;off&#8221; button_one_letter_spacing__hover_enabled=&#8221;off&#8221; button_two_letter_spacing__hover_enabled=&#8221;off&#8221; button_bg_color__hover_enabled=&#8221;off&#8221; button_one_bg_color__hover_enabled=&#8221;off&#8221; button_two_bg_color__hover_enabled=&#8221;off&#8221;][\/et_pb_contact_field][\/et_pb_contact_form][\/et_pb_column][\/et_pb_row][\/et_pb_section][et_pb_section fb_built=&#8221;1&#8243; _builder_version=&#8221;4.18.0&#8243; _module_preset=&#8221;default&#8221; custom_padding=&#8221;60px||0px||false|false&#8221; border_color_all=&#8221;#000000&#8243; border_width_top=&#8221;1px&#8221; border_color_top=&#8221;rgba(10,10,10,0.15)&#8221; saved_tabs=&#8221;all&#8221; global_colors_info=&#8221;{}&#8221; global_module=&#8221;284531&#8243; theme_builder_area=&#8221;post_content&#8221;][et_pb_row _builder_version=&#8221;4.18.0&#8243; _module_preset=&#8221;default&#8221; global_colors_info=&#8221;{}&#8221; theme_builder_area=&#8221;post_content&#8221;][et_pb_column type=&#8221;4_4&#8243; _builder_version=&#8221;4.18.0&#8243; _module_preset=&#8221;default&#8221; global_colors_info=&#8221;{}&#8221; theme_builder_area=&#8221;post_content&#8221;][et_pb_signup mailchimp_list=&#8221;LasserreEurope|0611007ee1&#8243; first_name_field=&#8221;off&#8221; last_name_field=&#8221;off&#8221; title=&#8221;Nyhedsbrev&#8221; button_text=&#8221;TILMELD&#8221; _builder_version=&#8221;4.25.1&#8243; _module_preset=&#8221;default&#8221; form_field_background_color=&#8221;#c38b62&#8243; form_field_text_color=&#8221;#FFFFFF&#8221; form_field_focus_background_color=&#8221;#c38b62&#8243; form_field_focus_text_color=&#8221;#FFFFFF&#8221; header_font=&#8221;Abel|700||on|||||&#8221; header_font_size=&#8221;30px&#8221; header_letter_spacing=&#8221;3px&#8221; body_font=&#8221;Abel||||||||&#8221; body_text_color=&#8221;#000000&#8243; body_font_size=&#8221;17px&#8221; form_field_font=&#8221;Abel||||||||&#8221; form_field_font_size=&#8221;17px&#8221; background_color=&#8221;RGBA(255,255,255,0)&#8221; custom_button=&#8221;on&#8221; button_text_color=&#8221;#FFFFFF&#8221; button_bg_color=&#8221;#c38b62&#8243; button_border_width=&#8221;0px&#8221; button_font=&#8221;Abel||||||||&#8221; background_layout=&#8221;light&#8221; width=&#8221;100%&#8221; max_width=&#8221;100%&#8221; custom_margin=&#8221;||0px||false|false&#8221; global_colors_info=&#8221;{}&#8221; theme_builder_area=&#8221;post_content&#8221;][\/et_pb_signup][et_pb_divider show_divider=&#8221;off&#8221; _builder_version=&#8221;4.18.0&#8243; _module_preset=&#8221;default&#8221; width=&#8221;100%&#8221; height=&#8221;50px&#8221; global_colors_info=&#8221;{}&#8221; theme_builder_area=&#8221;post_content&#8221;][\/et_pb_divider][\/et_pb_column][\/et_pb_row][et_pb_row column_structure=&#8221;1_4,1_4,1_4,1_4&#8243; _builder_version=&#8221;4.18.0&#8243; _module_preset=&#8221;default&#8221; global_colors_info=&#8221;{}&#8221; theme_builder_area=&#8221;post_content&#8221;][et_pb_column type=&#8221;1_4&#8243; _builder_version=&#8221;4.18.0&#8243; _module_preset=&#8221;default&#8221; global_colors_info=&#8221;{}&#8221; theme_builder_area=&#8221;post_content&#8221;][et_pb_text _builder_version=&#8221;4.25.1&#8243; _module_preset=&#8221;default&#8221; text_font=&#8221;Abel||||||||&#8221; text_font_size=&#8221;17px&#8221; text_line_height=&#8221;1.4em&#8221; link_text_color=&#8221;#000000&#8243; header_2_font=&#8221;Abel|||on|||||&#8221; header_2_font_size=&#8221;17px&#8221; global_colors_info=&#8221;{}&#8221; theme_builder_area=&#8221;post_content&#8221;]<\/p>\n<h2><strong>Cocktails og drinks<br \/><\/strong><strong>____<\/strong><\/h2>\n<p><a href=\"https:\/\/lasserrecognac.com\/da\/cocktails-og-drinks\/\">Cocktails og drinks<\/a><a href=\"\/cocktails-and-drinks\/\"><\/a><\/p>\n<p><a href=\"https:\/\/lasserrecognac.com\/da\/madparring\/\">Kombination med mad<\/a><\/p>\n<p>&nbsp;<\/p>\n<p>[\/et_pb_text][\/et_pb_column][et_pb_column type=&#8221;1_4&#8243; _builder_version=&#8221;4.18.0&#8243; _module_preset=&#8221;default&#8221; global_colors_info=&#8221;{}&#8221; theme_builder_area=&#8221;post_content&#8221;][et_pb_text _builder_version=&#8221;4.25.1&#8243; _module_preset=&#8221;default&#8221; text_font=&#8221;Abel||||||||&#8221; text_font_size=&#8221;17px&#8221; text_line_height=&#8221;1.4em&#8221; link_text_color=&#8221;#000000&#8243; header_2_font=&#8221;Abel|||on|||||&#8221; header_2_font_size=&#8221;17px&#8221; global_colors_info=&#8221;{}&#8221; theme_builder_area=&#8221;post_content&#8221;]<\/p>\n<h2><strong>Butik<br \/><\/strong><strong>____<\/strong><\/h2>\n<p><a href=\"https:\/\/lasserrecognac.com\/da\/vilkar-og-betingelser\/\">Forsendelse<\/a><\/p>\n<p><a href=\"https:\/\/lasserrecognac.com\/da\/kontakt\/\">Bliv forhandler<\/a><\/p>\n<p><a href=\"https:\/\/lasserrecognac.com\/product\/lasserre-honning-cognac-likor\/\">Flaske indhold<\/a><\/p>\n<p>&nbsp;<\/p>\n<p>[\/et_pb_text][\/et_pb_column][et_pb_column type=&#8221;1_4&#8243; _builder_version=&#8221;4.18.0&#8243; _module_preset=&#8221;default&#8221; global_colors_info=&#8221;{}&#8221; theme_builder_area=&#8221;post_content&#8221;][et_pb_text _builder_version=&#8221;4.25.1&#8243; _module_preset=&#8221;default&#8221; text_font=&#8221;Abel||||||||&#8221; text_font_size=&#8221;17px&#8221; link_text_color=&#8221;#000000&#8243; header_2_font=&#8221;Abel|||on|||||&#8221; header_2_font_size=&#8221;17px&#8221; global_colors_info=&#8221;{}&#8221; theme_builder_area=&#8221;post_content&#8221;]<\/p>\n<h2><strong>Historie<br \/><\/strong><strong>____<\/strong><\/h2>\n<p><a href=\"https:\/\/lasserrecognac.com\/da\/historie\/\">Om os<\/a><\/p>\n<p><a href=\"https:\/\/lasserrecognac.com\/da\/kontakt\/\">Kontakt os<\/a><\/p>\n<p>&nbsp;<\/p>\n<p>&nbsp;<\/p>\n<p>[\/et_pb_text][\/et_pb_column][et_pb_column type=&#8221;1_4&#8243; _builder_version=&#8221;4.18.0&#8243; _module_preset=&#8221;default&#8221; global_colors_info=&#8221;{}&#8221; theme_builder_area=&#8221;post_content&#8221;][et_pb_text _builder_version=&#8221;4.23.1&#8243; _module_preset=&#8221;default&#8221; header_2_font=&#8221;Abel|||on|||||&#8221; header_2_font_size=&#8221;17px&#8221; global_colors_info=&#8221;{}&#8221; theme_builder_area=&#8221;post_content&#8221;]<\/p>\n<h2><strong>Kontakt<br \/>____<\/strong><\/h2>\n<p><span style=\"color: #c38b62;\"><strong><a href=\"mailto:sales@lasserrecognac.com\" title=\"Lasserre Cognac VS\" style=\"color: #c38b62;\">sales@lasserrecognac.com<\/a><\/strong><\/span><\/p>\n<p><span style=\"color: #c38b62;\"><strong><a href=\"tel:+45533-537-79\" style=\"color: #c38b62;\">+45 533 537 79<\/a><\/strong><\/span><\/p>\n<p>[\/et_pb_text][\/et_pb_column][\/et_pb_row][\/et_pb_section]<\/p>\n","protected":false},"excerpt":{"rendered":"<p>Kontakt osHar du et sp\u00f8rgsm\u00e5l eller en forretningsforesp\u00f8rgsel? Du er velkommen til at kontakte os. Vi vil behandle din anmodning s\u00e5 hurtigt som muligt. Cocktails og drinks____ Cocktails og drinks Kombination med mad &nbsp;Butik____ Forsendelse Bliv forhandler Flaske indhold &nbsp;Historie____ Om os Kontakt os &nbsp; &nbsp;Kontakt____ sales@lasserrecognac.com +45 533 537 79<\/p>\n","protected":false},"author":1,"featured_media":0,"parent":0,"menu_order":0,"comment_status":"closed","ping_status":"closed","template":"","meta":{"_et_pb_use_builder":"on","_et_pb_old_content":"","_et_gb_content_width":"","footnotes":""},"class_list":["post-284442","page","type-page","status-publish","hentry"],"yoast_head":"<!-- This site is optimized with the Yoast SEO plugin v27.4 - https:\/\/yoast.com\/product\/yoast-seo-wordpress\/ -->\n<title>Kontakt os - Kontakt os i dag | Lasserre Honey Cognac Liqueur<\/title>\n<meta name=\"description\" content=\"Kontakt os, hvis du har sp\u00f8rgsm\u00e5l om vores produkter, \u00f8nsker at blive forhandler eller har brug for hj\u00e6lp i forbindelse med din bestilling.\" \/>\n<meta name=\"robots\" content=\"index, follow, max-snippet:-1, max-image-preview:large, max-video-preview:-1\" \/>\n<link rel=\"canonical\" href=\"https:\/\/lasserrecognac.com\/da\/kontakt\/\" \/>\n<meta property=\"og:locale\" content=\"da_DK\" \/>\n<meta property=\"og:type\" content=\"article\" \/>\n<meta property=\"og:title\" content=\"Kontakt os - Kontakt os i dag | Lasserre Honey Cognac Liqueur\" \/>\n<meta property=\"og:description\" content=\"Kontakt os, hvis du har sp\u00f8rgsm\u00e5l om vores produkter, \u00f8nsker at blive forhandler eller har brug for hj\u00e6lp i forbindelse med din bestilling.\" \/>\n<meta property=\"og:url\" content=\"https:\/\/lasserrecognac.com\/da\/kontakt\/\" \/>\n<meta property=\"og:site_name\" content=\"Lasserre Cognac\" \/>\n<meta property=\"article:modified_time\" content=\"2024-09-23T20:55:46+00:00\" \/>\n<meta name=\"twitter:card\" content=\"summary_large_image\" \/>\n<meta name=\"twitter:label1\" content=\"Estimeret l\u00e6setid\" \/>\n\t<meta name=\"twitter:data1\" content=\"9 minutter\" \/>\n<script type=\"application\/ld+json\" class=\"yoast-schema-graph\">{\"@context\":\"https:\\\/\\\/schema.org\",\"@graph\":[{\"@type\":\"WebPage\",\"@id\":\"https:\\\/\\\/lasserrecognac.com\\\/da\\\/kontakt\\\/\",\"url\":\"https:\\\/\\\/lasserrecognac.com\\\/da\\\/kontakt\\\/\",\"name\":\"Kontakt os - Kontakt os i dag | Lasserre Honey Cognac Liqueur\",\"isPartOf\":{\"@id\":\"https:\\\/\\\/lasserrecognac.com\\\/#website\"},\"datePublished\":\"2022-04-10T15:52:28+00:00\",\"dateModified\":\"2024-09-23T20:55:46+00:00\",\"description\":\"Kontakt os, hvis du har sp\u00f8rgsm\u00e5l om vores produkter, \u00f8nsker at blive forhandler eller har brug for hj\u00e6lp i forbindelse med din bestilling.\",\"breadcrumb\":{\"@id\":\"https:\\\/\\\/lasserrecognac.com\\\/da\\\/kontakt\\\/#breadcrumb\"},\"inLanguage\":\"da-DK\",\"potentialAction\":[{\"@type\":\"ReadAction\",\"target\":[\"https:\\\/\\\/lasserrecognac.com\\\/da\\\/kontakt\\\/\"]}]},{\"@type\":\"BreadcrumbList\",\"@id\":\"https:\\\/\\\/lasserrecognac.com\\\/da\\\/kontakt\\\/#breadcrumb\",\"itemListElement\":[{\"@type\":\"ListItem\",\"position\":1,\"name\":\"Home\",\"item\":\"https:\\\/\\\/lasserrecognac.com\\\/da\\\/\"},{\"@type\":\"ListItem\",\"position\":2,\"name\":\"Kontakt\"}]},{\"@type\":\"WebSite\",\"@id\":\"https:\\\/\\\/lasserrecognac.com\\\/#website\",\"url\":\"https:\\\/\\\/lasserrecognac.com\\\/\",\"name\":\"Lasserre Cognac\",\"description\":\"Lasserre Cognac\",\"potentialAction\":[{\"@type\":\"SearchAction\",\"target\":{\"@type\":\"EntryPoint\",\"urlTemplate\":\"https:\\\/\\\/lasserrecognac.com\\\/?s={search_term_string}\"},\"query-input\":{\"@type\":\"PropertyValueSpecification\",\"valueRequired\":true,\"valueName\":\"search_term_string\"}}],\"inLanguage\":\"da-DK\"}]}<\/script>\n<!-- \/ Yoast SEO plugin. -->","yoast_head_json":{"title":"Kontakt os - Kontakt os i dag | Lasserre Honey Cognac Liqueur","description":"Kontakt os, hvis du har sp\u00f8rgsm\u00e5l om vores produkter, \u00f8nsker at blive forhandler eller har brug for hj\u00e6lp i forbindelse med din bestilling.","robots":{"index":"index","follow":"follow","max-snippet":"max-snippet:-1","max-image-preview":"max-image-preview:large","max-video-preview":"max-video-preview:-1"},"canonical":"https:\/\/lasserrecognac.com\/da\/kontakt\/","og_locale":"da_DK","og_type":"article","og_title":"Kontakt os - Kontakt os i dag | Lasserre Honey Cognac Liqueur","og_description":"Kontakt os, hvis du har sp\u00f8rgsm\u00e5l om vores produkter, \u00f8nsker at blive forhandler eller har brug for hj\u00e6lp i forbindelse med din bestilling.","og_url":"https:\/\/lasserrecognac.com\/da\/kontakt\/","og_site_name":"Lasserre Cognac","article_modified_time":"2024-09-23T20:55:46+00:00","twitter_card":"summary_large_image","twitter_misc":{"Estimeret l\u00e6setid":"9 minutter"},"schema":{"@context":"https:\/\/schema.org","@graph":[{"@type":"WebPage","@id":"https:\/\/lasserrecognac.com\/da\/kontakt\/","url":"https:\/\/lasserrecognac.com\/da\/kontakt\/","name":"Kontakt os - Kontakt os i dag | Lasserre Honey Cognac Liqueur","isPartOf":{"@id":"https:\/\/lasserrecognac.com\/#website"},"datePublished":"2022-04-10T15:52:28+00:00","dateModified":"2024-09-23T20:55:46+00:00","description":"Kontakt os, hvis du har sp\u00f8rgsm\u00e5l om vores produkter, \u00f8nsker at blive forhandler eller har brug for hj\u00e6lp i forbindelse med din bestilling.","breadcrumb":{"@id":"https:\/\/lasserrecognac.com\/da\/kontakt\/#breadcrumb"},"inLanguage":"da-DK","potentialAction":[{"@type":"ReadAction","target":["https:\/\/lasserrecognac.com\/da\/kontakt\/"]}]},{"@type":"BreadcrumbList","@id":"https:\/\/lasserrecognac.com\/da\/kontakt\/#breadcrumb","itemListElement":[{"@type":"ListItem","position":1,"name":"Home","item":"https:\/\/lasserrecognac.com\/da\/"},{"@type":"ListItem","position":2,"name":"Kontakt"}]},{"@type":"WebSite","@id":"https:\/\/lasserrecognac.com\/#website","url":"https:\/\/lasserrecognac.com\/","name":"Lasserre Cognac","description":"Lasserre Cognac","potentialAction":[{"@type":"SearchAction","target":{"@type":"EntryPoint","urlTemplate":"https:\/\/lasserrecognac.com\/?s={search_term_string}"},"query-input":{"@type":"PropertyValueSpecification","valueRequired":true,"valueName":"search_term_string"}}],"inLanguage":"da-DK"}]}},"_links":{"self":[{"href":"https:\/\/lasserrecognac.com\/da\/wp-json\/wp\/v2\/pages\/284442","targetHints":{"allow":["GET"]}}],"collection":[{"href":"https:\/\/lasserrecognac.com\/da\/wp-json\/wp\/v2\/pages"}],"about":[{"href":"https:\/\/lasserrecognac.com\/da\/wp-json\/wp\/v2\/types\/page"}],"author":[{"embeddable":true,"href":"https:\/\/lasserrecognac.com\/da\/wp-json\/wp\/v2\/users\/1"}],"replies":[{"embeddable":true,"href":"https:\/\/lasserrecognac.com\/da\/wp-json\/wp\/v2\/comments?post=284442"}],"version-history":[{"count":7,"href":"https:\/\/lasserrecognac.com\/da\/wp-json\/wp\/v2\/pages\/284442\/revisions"}],"predecessor-version":[{"id":284536,"href":"https:\/\/lasserrecognac.com\/da\/wp-json\/wp\/v2\/pages\/284442\/revisions\/284536"}],"wp:attachment":[{"href":"https:\/\/lasserrecognac.com\/da\/wp-json\/wp\/v2\/media?parent=284442"}],"curies":[{"name":"wp","href":"https:\/\/api.w.org\/{rel}","templated":true}]}}