{"id":284504,"date":"2022-04-10T16:07:20","date_gmt":"2022-04-10T16:07:20","guid":{"rendered":"https:\/\/lasserrecognac.com\/vilkar-og-betingelser\/"},"modified":"2024-09-23T20:56:27","modified_gmt":"2024-09-23T20:56:27","slug":"vilkar-og-betingelser","status":"publish","type":"page","link":"https:\/\/lasserrecognac.com\/da\/vilkar-og-betingelser\/","title":{"rendered":"Vilk\u00e5r og betingelser"},"content":{"rendered":"<p>[et_pb_section fb_built=&#8221;1&#8243; module_class=&#8221;pa-underline-color-swipe&#8221; _builder_version=&#8221;4.18.0&#8243; _module_preset=&#8221;default&#8221; background_color=&#8221;#000000&#8243; custom_margin=&#8221;||||false|false&#8221; custom_padding=&#8221;0px||0px||false|false&#8221; global_colors_info=&#8221;{}&#8221;][et_pb_row _builder_version=&#8221;4.18.0&#8243; _module_preset=&#8221;default&#8221; custom_padding=&#8221;0px||0px||false|false&#8221; global_colors_info=&#8221;{}&#8221;][et_pb_column type=&#8221;4_4&#8243; _builder_version=&#8221;4.18.0&#8243; _module_preset=&#8221;default&#8221; global_colors_info=&#8221;{}&#8221;][et_pb_menu show_cart_icon=&#8221;on&#8221; cart_icon_color=&#8221;#c38b62&#8243; search_icon_color=&#8221;#c38b62&#8243; menu_icon_color=&#8221;#c38b62&#8243; show_cart_icon_tablet=&#8221;off&#8221; show_cart_icon_phone=&#8221;off&#8221; show_cart_icon_last_edited=&#8221;on|desktop&#8221; _builder_version=&#8221;4.18.0&#8243; _module_preset=&#8221;default&#8221; menu_font=&#8221;Abel|700||on|||||&#8221; menu_text_color=&#8221;#FFFFFF&#8221; menu_font_size=&#8221;18px&#8221; background_color=&#8221;rgba(0,0,0,0.7)&#8221; text_orientation=&#8221;center&#8221; custom_padding=&#8221;1px||25px||false|false&#8221; custom_padding_last_edited=&#8221;off|desktop&#8221; sticky_position=&#8221;top&#8221; sticky_limit_bottom=&#8221;body&#8221; global_colors_info=&#8221;{}&#8221; background__sticky_enabled=&#8221;on|desktop&#8221; background_color__sticky=&#8221;rgba(0,0,0,0.7)&#8221; background_enable_color__sticky=&#8221;on&#8221; custom_padding__sticky_enabled=&#8221;on|sticky&#8221; custom_padding__sticky=&#8221;25px||25px||false|false&#8221;][\/et_pb_menu][\/et_pb_column][\/et_pb_row][\/et_pb_section][et_pb_section fb_built=&#8221;1&#8243; _builder_version=&#8221;4.18.0&#8243; _module_preset=&#8221;default&#8221; global_colors_info=&#8221;{}&#8221;][et_pb_row _builder_version=&#8221;4.18.0&#8243; _module_preset=&#8221;default&#8221; global_colors_info=&#8221;{}&#8221;][et_pb_column type=&#8221;4_4&#8243; _builder_version=&#8221;4.18.0&#8243; _module_preset=&#8221;default&#8221; global_colors_info=&#8221;{}&#8221;][et_pb_image src=&#8221;https:\/\/lasserrecognac.com\/wp-content\/uploads\/2022\/11\/logoLASSERRE.png&#8221; alt=&#8221;Lasserre Cognac Logo&#8221; title_text=&#8221;Lasserre Cognac Logo&#8221; align=&#8221;center&#8221; _builder_version=&#8221;4.18.0&#8243; _module_preset=&#8221;default&#8221; width=&#8221;25%&#8221; global_colors_info=&#8221;{}&#8221;][\/et_pb_image][\/et_pb_column][\/et_pb_row][et_pb_row _builder_version=&#8221;4.18.0&#8243; _module_preset=&#8221;default&#8221; global_colors_info=&#8221;{}&#8221;][et_pb_column type=&#8221;4_4&#8243; _builder_version=&#8221;4.18.0&#8243; _module_preset=&#8221;default&#8221; global_colors_info=&#8221;{}&#8221;][et_pb_text _builder_version=&#8221;4.18.0&#8243; _module_preset=&#8221;default&#8221; header_2_font=&#8221;|600||on|||||&#8221; header_2_text_color=&#8221;#c38b62&#8243; header_2_font_size=&#8221;48px&#8221; custom_margin=&#8221;||4px|||&#8221; global_colors_info=&#8221;{}&#8221;]<\/p>\n<h2>Vilk\u00e5r og betingelser<\/h2>\n<p>[\/et_pb_text][et_pb_text _builder_version=&#8221;4.18.0&#8243; _module_preset=&#8221;default&#8221; global_colors_info=&#8221;{}&#8221;]<\/p>\n<p>Sidst opdateret: 7. november 2022<\/p>\n<p>[\/et_pb_text][et_pb_text _builder_version=&#8221;4.24.2&#8243; _module_preset=&#8221;default&#8221; text_font=&#8221;Abel||||||||&#8221; text_font_size=&#8221;18px&#8221; link_text_color=&#8221;#000000&#8243; header_4_font=&#8221;Abel|||on|||||&#8221; header_4_text_color=&#8221;#c38b62&#8243; header_4_font_size=&#8221;24px&#8221; global_colors_info=&#8221;{}&#8221;]<\/p>\n<h4><strong>Vilk\u00e5r og betingelser<\/strong><\/h4>\n<p><em>Vilk\u00e5r og betingelser skal l\u00e6ses omhyggeligt, f\u00f8r du afslutter din transaktion.<\/em><\/p>\n<p><em><\/em><\/p>\n<h4><strong>Bekr\u00e6ftelse af din ordre<\/strong><\/h4>\n<p>Ved at afgive en ordre accepterer du automatisk, at du er fyldt 18 \u00e5r. Hvilket ogs\u00e5 bekr\u00e6ftes af dig, n\u00e5r du f\u00f8rst bes\u00f8ger siden og bliver m\u00f8dt af alderssk\u00e6rmen. N\u00e5r du afgiver en ordre, modtager du automatisk en e-mail med din ordrebekr\u00e6ftelse. Du kan altid f\u00f8lge sporingen og oplysningerne i e-mailen. Hvis der skulle v\u00e6re problemer med sporingen. Du kan altid sende en e-mail til os p\u00e5 sales(@)lasserrecognac.com N\u00e5r ordren er afgivet, vil pengene blive reserveret fra dit kort.     <\/p>\n<p>&nbsp;<\/p>\n<h4><strong>Priser p\u00e5 produkter<\/strong><\/h4>\n<p>Vores produkter, priser og tilbud p\u00e5 hjemmesiden<span> <\/span><span><strong>www.lasserrecognac.com<\/strong><\/span> er inklusive moms og ekskluderet med forsendelsesomkostninger. Alle priser er angivet i euro \u20ac &#8211; p\u00e5 siderne kurv og kassen kan du se den fulde pris for din ordre. For at se forsendelsesomkostningerne skal du udfylde din adresse.  <\/p>\n<p>Ordrer kan betales gennem &#8211; betalingskort eller PayPal<\/p>\n<p>&nbsp;<\/p>\n<h4><strong>Levering<\/strong><\/h4>\n<p>Levering er mulig i hele Europa. I \u00f8jeblikket sender vi til st\u00f8rstedelen til europ\u00e6iske lande. S\u00e5 hvis tilf\u00e6ldigvis dit land ikke vises p\u00e5 listen. Du kan sende os en e-mail, s\u00e5 sender vi dig en faktura for forsendelsen.   <\/p>\n<p>Vi afsender normalt ordren samme dag som betaling. Vi debiterer ikke dit kreditkort, f\u00f8r produktet er sendt. Alle produkter sendes i samme forsendelse og aldrig separat, medmindre du f\u00e5r besked herom. Du er i stand til at f\u00f8lge sporingsnummeret p\u00e5 det givne kurerwebsted.   <\/p>\n<p>&nbsp;<\/p>\n<h4><strong>Ejendomsforbehold og risici<\/strong><\/h4>\n<p><span>Alle produkter, som er k\u00f8bt p\u00e5 <strong>www.lasserrecognac.com <\/strong><\/span>forbliver vores ejendom indtil levering af produktet. Det betyder, at risikoen for tab eller skade forbliver p\u00e5 vores side, indtil leveringen fra kurersiden. Leveringen er foretaget og risikoen er p\u00e5 din side, fra det tidspunkt kureren har fors\u00f8gt at levere pakken til dig. S\u00e5 hvis du \u00f8nsker at frems\u00e6tte et krav mod os, kan du g\u00f8re det p\u00e5 \u2013   <span> <\/span><span><a href=\"https:\/\/europa.eu\/youreurope\/citizens\/consumers\/consumers-dispute-resolution\/formal-legal-actions\/index_en.htm\"><a href=\"https:\/\/europa.eu\/youreurope\/citizens\/consumers\/consumers-dispute-resolution\/formal-legal-actions\/index_en.htm\">EU sm\u00e5krav<\/a><\/a><\/span><\/p>\n<p>&nbsp;<\/p>\n<h4><strong>Fortrydelsesret<\/strong><\/h4>\n<p>Visse lande er ikke en del af fortrydelsesretten, da det er en drink. Men hvis du \u00f8nsker at fortryde dit k\u00f8b, du har k\u00f8bt p\u00e5 <span> <\/span><span>www.lasserrecognac.com<\/span> s\u00e5 skal du oplyse reklamationen inden for 14 dage fra leveringsdato.<\/p>\n<p>Bel\u00f8bet vil blive refunderet til din konto, inden for 7-10 hverdage, efter vi har modtaget produktet.<\/p>\n<p>Hvis produktet ved et tilf\u00e6lde er beskadiget, vil et sk\u00f8n blive refunderet, afh\u00e6ngigt af produktets tilstand.<\/p>\n<p>&nbsp;<\/p>\n<h4><strong>\u00c6ndringer<\/strong><\/h4>\n<p>Vi forbeholder os retten til efter eget sk\u00f8n til enhver tid at \u00e6ndre eller erstatte disse vilk\u00e5r. Hvis en revision er v\u00e6sentlig, vil vi fors\u00f8ge at give mindst 30 dages varsel, f\u00f8r eventuelle nye vilk\u00e5r tr\u00e6der i kraft. Hvad der udg\u00f8r en v\u00e6sentlig \u00e6ndring, afg\u00f8res efter vores eget sk\u00f8n.  <\/p>\n<p>&nbsp;<\/p>\n<h4><strong>Kontakt us<\/strong><\/h4>\n<p>Hvis du har sp\u00f8rgsm\u00e5l til disse vilk\u00e5r og betingelser, bedes du kontakte os.<\/p>\n<p>[\/et_pb_text][\/et_pb_column][\/et_pb_row][\/et_pb_section][et_pb_section fb_built=&#8221;1&#8243; _builder_version=&#8221;4.18.0&#8243; _module_preset=&#8221;default&#8221; custom_padding=&#8221;60px||0px||false|false&#8221; border_color_all=&#8221;#000000&#8243; border_width_top=&#8221;1px&#8221; border_color_top=&#8221;rgba(10,10,10,0.15)&#8221; saved_tabs=&#8221;all&#8221; global_colors_info=&#8221;{}&#8221; global_module=&#8221;284531&#8243; theme_builder_area=&#8221;post_content&#8221;][et_pb_row _builder_version=&#8221;4.18.0&#8243; _module_preset=&#8221;default&#8221; global_colors_info=&#8221;{}&#8221; theme_builder_area=&#8221;post_content&#8221;][et_pb_column type=&#8221;4_4&#8243; _builder_version=&#8221;4.18.0&#8243; _module_preset=&#8221;default&#8221; global_colors_info=&#8221;{}&#8221; theme_builder_area=&#8221;post_content&#8221;][et_pb_signup mailchimp_list=&#8221;LasserreEurope|0611007ee1&#8243; first_name_field=&#8221;off&#8221; last_name_field=&#8221;off&#8221; title=&#8221;Nyhedsbrev&#8221; button_text=&#8221;TILMELD&#8221; _builder_version=&#8221;4.25.1&#8243; _module_preset=&#8221;default&#8221; form_field_background_color=&#8221;#c38b62&#8243; form_field_text_color=&#8221;#FFFFFF&#8221; form_field_focus_background_color=&#8221;#c38b62&#8243; form_field_focus_text_color=&#8221;#FFFFFF&#8221; header_font=&#8221;Abel|700||on|||||&#8221; header_font_size=&#8221;30px&#8221; header_letter_spacing=&#8221;3px&#8221; body_font=&#8221;Abel||||||||&#8221; body_text_color=&#8221;#000000&#8243; body_font_size=&#8221;17px&#8221; form_field_font=&#8221;Abel||||||||&#8221; form_field_font_size=&#8221;17px&#8221; background_color=&#8221;RGBA(255,255,255,0)&#8221; custom_button=&#8221;on&#8221; button_text_color=&#8221;#FFFFFF&#8221; button_bg_color=&#8221;#c38b62&#8243; button_border_width=&#8221;0px&#8221; button_font=&#8221;Abel||||||||&#8221; background_layout=&#8221;light&#8221; width=&#8221;100%&#8221; max_width=&#8221;100%&#8221; custom_margin=&#8221;||0px||false|false&#8221; global_colors_info=&#8221;{}&#8221; theme_builder_area=&#8221;post_content&#8221;][\/et_pb_signup][et_pb_divider show_divider=&#8221;off&#8221; _builder_version=&#8221;4.18.0&#8243; _module_preset=&#8221;default&#8221; width=&#8221;100%&#8221; height=&#8221;50px&#8221; global_colors_info=&#8221;{}&#8221; theme_builder_area=&#8221;post_content&#8221;][\/et_pb_divider][\/et_pb_column][\/et_pb_row][et_pb_row column_structure=&#8221;1_4,1_4,1_4,1_4&#8243; _builder_version=&#8221;4.18.0&#8243; _module_preset=&#8221;default&#8221; global_colors_info=&#8221;{}&#8221; theme_builder_area=&#8221;post_content&#8221;][et_pb_column type=&#8221;1_4&#8243; _builder_version=&#8221;4.18.0&#8243; _module_preset=&#8221;default&#8221; global_colors_info=&#8221;{}&#8221; theme_builder_area=&#8221;post_content&#8221;][et_pb_text _builder_version=&#8221;4.25.1&#8243; _module_preset=&#8221;default&#8221; text_font=&#8221;Abel||||||||&#8221; text_font_size=&#8221;17px&#8221; text_line_height=&#8221;1.4em&#8221; link_text_color=&#8221;#000000&#8243; header_2_font=&#8221;Abel|||on|||||&#8221; header_2_font_size=&#8221;17px&#8221; global_colors_info=&#8221;{}&#8221; theme_builder_area=&#8221;post_content&#8221;]<\/p>\n<h2><strong>Cocktails og drinks<br \/><\/strong><strong>____<\/strong><\/h2>\n<p><a href=\"https:\/\/lasserrecognac.com\/da\/cocktails-og-drinks\/\">Cocktails og drinks<\/a><a href=\"\/cocktails-and-drinks\/\"><\/a><\/p>\n<p><a href=\"https:\/\/lasserrecognac.com\/da\/madparring\/\">Kombination med mad<\/a><\/p>\n<p>&nbsp;<\/p>\n<p>[\/et_pb_text][\/et_pb_column][et_pb_column type=&#8221;1_4&#8243; _builder_version=&#8221;4.18.0&#8243; _module_preset=&#8221;default&#8221; global_colors_info=&#8221;{}&#8221; theme_builder_area=&#8221;post_content&#8221;][et_pb_text _builder_version=&#8221;4.25.1&#8243; _module_preset=&#8221;default&#8221; text_font=&#8221;Abel||||||||&#8221; text_font_size=&#8221;17px&#8221; text_line_height=&#8221;1.4em&#8221; link_text_color=&#8221;#000000&#8243; header_2_font=&#8221;Abel|||on|||||&#8221; header_2_font_size=&#8221;17px&#8221; global_colors_info=&#8221;{}&#8221; theme_builder_area=&#8221;post_content&#8221;]<\/p>\n<h2><strong>Butik<br \/><\/strong><strong>____<\/strong><\/h2>\n<p><a href=\"https:\/\/lasserrecognac.com\/da\/vilkar-og-betingelser\/\">Forsendelse<\/a><\/p>\n<p><a href=\"https:\/\/lasserrecognac.com\/da\/kontakt\/\">Bliv forhandler<\/a><\/p>\n<p><a href=\"https:\/\/lasserrecognac.com\/product\/lasserre-honning-cognac-likor\/\">Flaske indhold<\/a><\/p>\n<p>&nbsp;<\/p>\n<p>[\/et_pb_text][\/et_pb_column][et_pb_column type=&#8221;1_4&#8243; _builder_version=&#8221;4.18.0&#8243; _module_preset=&#8221;default&#8221; global_colors_info=&#8221;{}&#8221; theme_builder_area=&#8221;post_content&#8221;][et_pb_text _builder_version=&#8221;4.25.1&#8243; _module_preset=&#8221;default&#8221; text_font=&#8221;Abel||||||||&#8221; text_font_size=&#8221;17px&#8221; link_text_color=&#8221;#000000&#8243; header_2_font=&#8221;Abel|||on|||||&#8221; header_2_font_size=&#8221;17px&#8221; global_colors_info=&#8221;{}&#8221; theme_builder_area=&#8221;post_content&#8221;]<\/p>\n<h2><strong>Historie<br \/><\/strong><strong>____<\/strong><\/h2>\n<p><a href=\"https:\/\/lasserrecognac.com\/da\/historie\/\">Om os<\/a><\/p>\n<p><a href=\"https:\/\/lasserrecognac.com\/da\/kontakt\/\">Kontakt os<\/a><\/p>\n<p>&nbsp;<\/p>\n<p>&nbsp;<\/p>\n<p>[\/et_pb_text][\/et_pb_column][et_pb_column type=&#8221;1_4&#8243; _builder_version=&#8221;4.18.0&#8243; _module_preset=&#8221;default&#8221; global_colors_info=&#8221;{}&#8221; theme_builder_area=&#8221;post_content&#8221;][et_pb_text _builder_version=&#8221;4.23.1&#8243; _module_preset=&#8221;default&#8221; header_2_font=&#8221;Abel|||on|||||&#8221; header_2_font_size=&#8221;17px&#8221; global_colors_info=&#8221;{}&#8221; theme_builder_area=&#8221;post_content&#8221;]<\/p>\n<h2><strong>Kontakt<br \/>____<\/strong><\/h2>\n<p><span style=\"color: #c38b62;\"><strong><a href=\"mailto:sales@lasserrecognac.com\" title=\"Lasserre Cognac VS\" style=\"color: #c38b62;\">sales@lasserrecognac.com<\/a><\/strong><\/span><\/p>\n<p><span style=\"color: #c38b62;\"><strong><a href=\"tel:+45533-537-79\" style=\"color: #c38b62;\">+45 533 537 79<\/a><\/strong><\/span><\/p>\n<p>[\/et_pb_text][\/et_pb_column][\/et_pb_row][\/et_pb_section]<\/p>\n","protected":false},"excerpt":{"rendered":"<p>Vilk\u00e5r og betingelserSidst opdateret: 7. november 2022Vilk\u00e5r og betingelser Vilk\u00e5r og betingelser skal l\u00e6ses omhyggeligt, f\u00f8r du afslutter din transaktion. Bekr\u00e6ftelse af din ordre Ved at afgive en ordre accepterer du automatisk, at du er fyldt 18 \u00e5r. Hvilket ogs\u00e5 bekr\u00e6ftes af dig, n\u00e5r du f\u00f8rst bes\u00f8ger siden og bliver m\u00f8dt af alderssk\u00e6rmen. N\u00e5r du [&hellip;]<\/p>\n","protected":false},"author":1,"featured_media":0,"parent":0,"menu_order":0,"comment_status":"closed","ping_status":"closed","template":"","meta":{"_et_pb_use_builder":"on","_et_pb_old_content":"","_et_gb_content_width":"","footnotes":""},"class_list":["post-284504","page","type-page","status-publish","hentry"],"yoast_head":"<!-- This site is optimized with the Yoast SEO plugin v27.5 - https:\/\/yoast.com\/product\/yoast-seo-wordpress\/ -->\n<title>Vilk\u00e5r og betingelser - Lasserre honning Cognac lik\u00f8r<\/title>\n<meta name=\"description\" content=\"Vores vilk\u00e5r og betingelser skal l\u00e6ses, f\u00f8r du foretager et k\u00f8b. S\u00e5 du som forbruger er sikret bedst muligt.\" \/>\n<meta name=\"robots\" content=\"index, follow, max-snippet:-1, max-image-preview:large, max-video-preview:-1\" \/>\n<link rel=\"canonical\" href=\"https:\/\/lasserrecognac.com\/da\/vilkar-og-betingelser\/\" \/>\n<meta property=\"og:locale\" content=\"da_DK\" \/>\n<meta property=\"og:type\" content=\"article\" \/>\n<meta property=\"og:title\" content=\"Vilk\u00e5r og betingelser - Lasserre honning Cognac lik\u00f8r\" \/>\n<meta property=\"og:description\" content=\"Vores vilk\u00e5r og betingelser skal l\u00e6ses, f\u00f8r du foretager et k\u00f8b. S\u00e5 du som forbruger er sikret bedst muligt.\" \/>\n<meta property=\"og:url\" content=\"https:\/\/lasserrecognac.com\/da\/vilkar-og-betingelser\/\" \/>\n<meta property=\"og:site_name\" content=\"Lasserre Cognac\" \/>\n<meta property=\"article:modified_time\" content=\"2024-09-23T20:56:27+00:00\" \/>\n<meta name=\"twitter:card\" content=\"summary_large_image\" \/>\n<meta name=\"twitter:label1\" content=\"Estimeret l\u00e6setid\" \/>\n\t<meta name=\"twitter:data1\" content=\"7 minutter\" \/>\n<script type=\"application\/ld+json\" class=\"yoast-schema-graph\">{\"@context\":\"https:\\\/\\\/schema.org\",\"@graph\":[{\"@type\":\"WebPage\",\"@id\":\"https:\\\/\\\/lasserrecognac.com\\\/da\\\/vilkar-og-betingelser\\\/\",\"url\":\"https:\\\/\\\/lasserrecognac.com\\\/da\\\/vilkar-og-betingelser\\\/\",\"name\":\"Vilk\u00e5r og betingelser - Lasserre honning Cognac lik\u00f8r\",\"isPartOf\":{\"@id\":\"https:\\\/\\\/lasserrecognac.com\\\/#website\"},\"datePublished\":\"2022-04-10T16:07:20+00:00\",\"dateModified\":\"2024-09-23T20:56:27+00:00\",\"description\":\"Vores vilk\u00e5r og betingelser skal l\u00e6ses, f\u00f8r du foretager et k\u00f8b. S\u00e5 du som forbruger er sikret bedst muligt.\",\"breadcrumb\":{\"@id\":\"https:\\\/\\\/lasserrecognac.com\\\/da\\\/vilkar-og-betingelser\\\/#breadcrumb\"},\"inLanguage\":\"da-DK\",\"potentialAction\":[{\"@type\":\"ReadAction\",\"target\":[\"https:\\\/\\\/lasserrecognac.com\\\/da\\\/vilkar-og-betingelser\\\/\"]}]},{\"@type\":\"BreadcrumbList\",\"@id\":\"https:\\\/\\\/lasserrecognac.com\\\/da\\\/vilkar-og-betingelser\\\/#breadcrumb\",\"itemListElement\":[{\"@type\":\"ListItem\",\"position\":1,\"name\":\"Home\",\"item\":\"https:\\\/\\\/lasserrecognac.com\\\/da\\\/\"},{\"@type\":\"ListItem\",\"position\":2,\"name\":\"Vilk\u00e5r og betingelser\"}]},{\"@type\":\"WebSite\",\"@id\":\"https:\\\/\\\/lasserrecognac.com\\\/#website\",\"url\":\"https:\\\/\\\/lasserrecognac.com\\\/\",\"name\":\"Lasserre Cognac\",\"description\":\"Lasserre Cognac\",\"potentialAction\":[{\"@type\":\"SearchAction\",\"target\":{\"@type\":\"EntryPoint\",\"urlTemplate\":\"https:\\\/\\\/lasserrecognac.com\\\/?s={search_term_string}\"},\"query-input\":{\"@type\":\"PropertyValueSpecification\",\"valueRequired\":true,\"valueName\":\"search_term_string\"}}],\"inLanguage\":\"da-DK\"}]}<\/script>\n<!-- \/ Yoast SEO plugin. -->","yoast_head_json":{"title":"Vilk\u00e5r og betingelser - Lasserre honning Cognac lik\u00f8r","description":"Vores vilk\u00e5r og betingelser skal l\u00e6ses, f\u00f8r du foretager et k\u00f8b. S\u00e5 du som forbruger er sikret bedst muligt.","robots":{"index":"index","follow":"follow","max-snippet":"max-snippet:-1","max-image-preview":"max-image-preview:large","max-video-preview":"max-video-preview:-1"},"canonical":"https:\/\/lasserrecognac.com\/da\/vilkar-og-betingelser\/","og_locale":"da_DK","og_type":"article","og_title":"Vilk\u00e5r og betingelser - Lasserre honning Cognac lik\u00f8r","og_description":"Vores vilk\u00e5r og betingelser skal l\u00e6ses, f\u00f8r du foretager et k\u00f8b. S\u00e5 du som forbruger er sikret bedst muligt.","og_url":"https:\/\/lasserrecognac.com\/da\/vilkar-og-betingelser\/","og_site_name":"Lasserre Cognac","article_modified_time":"2024-09-23T20:56:27+00:00","twitter_card":"summary_large_image","twitter_misc":{"Estimeret l\u00e6setid":"7 minutter"},"schema":{"@context":"https:\/\/schema.org","@graph":[{"@type":"WebPage","@id":"https:\/\/lasserrecognac.com\/da\/vilkar-og-betingelser\/","url":"https:\/\/lasserrecognac.com\/da\/vilkar-og-betingelser\/","name":"Vilk\u00e5r og betingelser - Lasserre honning Cognac lik\u00f8r","isPartOf":{"@id":"https:\/\/lasserrecognac.com\/#website"},"datePublished":"2022-04-10T16:07:20+00:00","dateModified":"2024-09-23T20:56:27+00:00","description":"Vores vilk\u00e5r og betingelser skal l\u00e6ses, f\u00f8r du foretager et k\u00f8b. S\u00e5 du som forbruger er sikret bedst muligt.","breadcrumb":{"@id":"https:\/\/lasserrecognac.com\/da\/vilkar-og-betingelser\/#breadcrumb"},"inLanguage":"da-DK","potentialAction":[{"@type":"ReadAction","target":["https:\/\/lasserrecognac.com\/da\/vilkar-og-betingelser\/"]}]},{"@type":"BreadcrumbList","@id":"https:\/\/lasserrecognac.com\/da\/vilkar-og-betingelser\/#breadcrumb","itemListElement":[{"@type":"ListItem","position":1,"name":"Home","item":"https:\/\/lasserrecognac.com\/da\/"},{"@type":"ListItem","position":2,"name":"Vilk\u00e5r og betingelser"}]},{"@type":"WebSite","@id":"https:\/\/lasserrecognac.com\/#website","url":"https:\/\/lasserrecognac.com\/","name":"Lasserre Cognac","description":"Lasserre Cognac","potentialAction":[{"@type":"SearchAction","target":{"@type":"EntryPoint","urlTemplate":"https:\/\/lasserrecognac.com\/?s={search_term_string}"},"query-input":{"@type":"PropertyValueSpecification","valueRequired":true,"valueName":"search_term_string"}}],"inLanguage":"da-DK"}]}},"_links":{"self":[{"href":"https:\/\/lasserrecognac.com\/da\/wp-json\/wp\/v2\/pages\/284504","targetHints":{"allow":["GET"]}}],"collection":[{"href":"https:\/\/lasserrecognac.com\/da\/wp-json\/wp\/v2\/pages"}],"about":[{"href":"https:\/\/lasserrecognac.com\/da\/wp-json\/wp\/v2\/types\/page"}],"author":[{"embeddable":true,"href":"https:\/\/lasserrecognac.com\/da\/wp-json\/wp\/v2\/users\/1"}],"replies":[{"embeddable":true,"href":"https:\/\/lasserrecognac.com\/da\/wp-json\/wp\/v2\/comments?post=284504"}],"version-history":[{"count":1,"href":"https:\/\/lasserrecognac.com\/da\/wp-json\/wp\/v2\/pages\/284504\/revisions"}],"predecessor-version":[{"id":284537,"href":"https:\/\/lasserrecognac.com\/da\/wp-json\/wp\/v2\/pages\/284504\/revisions\/284537"}],"wp:attachment":[{"href":"https:\/\/lasserrecognac.com\/da\/wp-json\/wp\/v2\/media?parent=284504"}],"curies":[{"name":"wp","href":"https:\/\/api.w.org\/{rel}","templated":true}]}}