{"id":284500,"date":"2023-11-17T21:44:18","date_gmt":"2023-11-17T21:44:18","guid":{"rendered":"https:\/\/lasserrecognac.com\/localisateur-de-magasins\/"},"modified":"2024-09-23T20:40:11","modified_gmt":"2024-09-23T20:40:11","slug":"localisateur-de-magasins","status":"publish","type":"page","link":"https:\/\/lasserrecognac.com\/fr\/localisateur-de-magasins\/","title":{"rendered":"Localisateur de magasins"},"content":{"rendered":"<p>[et_pb_section fb_built=\u00a0\u00bb1&Prime; fullwidth=\u00a0\u00bbon\u00a0\u00bb _builder_version=\u00a0\u00bb4.21.0&Prime; _module_preset=\u00a0\u00bbdefault\u00a0\u00bb global_colors_info=\u00a0\u00bb{}\u00a0\u00bb][et_pb_fullwidth_menu active_link_color=\u00a0\u00bb#FFFFFF\u00a0\u00bb logo_width=\u00a0\u00bb100%\u00a0\u00bb logo_max_width=\u00a0\u00bb16%\u00a0\u00bb show_cart_icon=\u00a0\u00bbon\u00a0\u00bb cart_icon_color=\u00a0\u00bb#c38b62&Prime; search_icon_color=\u00a0\u00bb#c38b62&Prime; menu_icon_color=\u00a0\u00bb#c38b62&Prime; show_cart_icon_tablet=\u00a0\u00bboff\u00a0\u00bb show_cart_icon_phone=\u00a0\u00bb\u00a0\u00bb show_cart_icon_last_edited=\u00a0\u00bbon|phone\u00a0\u00bb module_class=\u00a0\u00bbpa-underline-color-swipe\u00a0\u00bb _builder_version=\u00a0\u00bb4.18.0&Prime; _module_preset=\u00a0\u00bbdefault\u00a0\u00bb menu_font=\u00a0\u00bbAbel|700||on|||||\u00a0\u00bb menu_text_color=\u00a0\u00bb#FFFFFF\u00a0\u00bb menu_font_size=\u00a0\u00bb18px\u00a0\u00bb background_color=\u00a0\u00bb#000000&Prime; text_orientation=\u00a0\u00bbcenter\u00a0\u00bb width=\u00a0\u00bb100%\u00a0\u00bb module_alignment=\u00a0\u00bbcenter\u00a0\u00bb custom_margin=\u00a0\u00bb0px||0px||false|false\u00a0\u00bb custom_padding=\u00a0\u00bb5px||10px||false|false\u00a0\u00bb custom_padding_tablet=\u00a0\u00bb0px||0px||false|false\u00a0\u00bb custom_padding_phone=\u00a0\u00bb0px||0px||false|false\u00a0\u00bb custom_padding_last_edited=\u00a0\u00bbon|desktop\u00a0\u00bb sticky_position=\u00a0\u00bbtop\u00a0\u00bb scroll_blur=\u00a0\u00bb0|36|60|100|10|0|0&Prime; global_colors_info=\u00a0\u00bb{}\u00a0\u00bb background__sticky_enabled=\u00a0\u00bbon|sticky\u00a0\u00bb background_color__sticky=\u00a0\u00bbrgba(0,0,0,0.78)\u00a0\u00bb background_enable_color__sticky=\u00a0\u00bbon\u00a0\u00bb][\/et_pb_fullwidth_menu][\/et_pb_section][et_pb_section fb_built=\u00a0\u00bb1&Prime; admin_label=\u00a0\u00bbsection\u00a0\u00bb _builder_version=\u00a0\u00bb4.16&Prime; custom_padding=\u00a0\u00bb96px|||||\u00a0\u00bb global_colors_info=\u00a0\u00bb{}\u00a0\u00bb][et_pb_row _builder_version=\u00a0\u00bb4.21.0&Prime; _module_preset=\u00a0\u00bbdefault\u00a0\u00bb global_colors_info=\u00a0\u00bb{}\u00a0\u00bb][et_pb_column type=\u00a0\u00bb4_4&Prime; _builder_version=\u00a0\u00bb4.21.0&Prime; _module_preset=\u00a0\u00bbdefault\u00a0\u00bb global_colors_info=\u00a0\u00bb{}\u00a0\u00bb][et_pb_text _builder_version=\u00a0\u00bb4.21.0&Prime; _module_preset=\u00a0\u00bbdefault\u00a0\u00bb text_text_color=\u00a0\u00bb#000000&Prime; text_font_size=\u00a0\u00bb17px\u00a0\u00bb header_font=\u00a0\u00bbAbel|700|||||||\u00a0\u00bb header_text_align=\u00a0\u00bbcenter\u00a0\u00bb header_text_color=\u00a0\u00bb#c38b62&Prime; header_font_size=\u00a0\u00bb60px\u00a0\u00bb header_4_font=\u00a0\u00bb|600|||||||\u00a0\u00bb header_4_text_align=\u00a0\u00bbcenter\u00a0\u00bb header_4_text_color=\u00a0\u00bb#000000&Prime; text_orientation=\u00a0\u00bbcenter\u00a0\u00bb global_colors_info=\u00a0\u00bb{}\u00a0\u00bb]<\/p>\n<h1 class=\"et_pb_module_header\">Localisateur de magasins Lasserre<\/h1>\n<h4>Retrouvez la Lasserre Liqueur de Cognac au Miel dans votre magasin le plus proche<\/h4>\n<p>&nbsp;<\/p>\n<div class=\"et_pb_header_content_wrapper\">\n<p>Nous avons rassembl\u00e9 diff\u00e9rents cocktails et boissons pour notre Lasserre Liqueur de Cognac au Miel.<\/p>\n<p>De nombreuses s\u00e9lections de recettes pour les occasions estivales et hivernales \u2013 Nous avons \u00e9galement<\/p>\n<p>accords mets et vins pour notre Lasserre Liqueur de Cognac au Miel.<\/p>\n<\/div>\n<p>[\/et_pb_text][\/et_pb_column][\/et_pb_row][et_pb_row admin_label=\u00a0\u00bbrow\u00a0\u00bb _builder_version=\u00a0\u00bb4.21.0&Prime; background_size=\u00a0\u00bbinitial\u00a0\u00bb background_position=\u00a0\u00bbtop_left\u00a0\u00bb background_repeat=\u00a0\u00bbrepeat\u00a0\u00bb width=\u00a0\u00bb100%\u00a0\u00bb max_width=\u00a0\u00bb2000px\u00a0\u00bb global_colors_info=\u00a0\u00bb{}\u00a0\u00bb][et_pb_column type=\u00a0\u00bb4_4&Prime; _builder_version=\u00a0\u00bb4.16&Prime; custom_padding=\u00a0\u00bb|||\u00a0\u00bb global_colors_info=\u00a0\u00bb{}\u00a0\u00bb custom_padding__hover=\u00a0\u00bb|||\u00a0\u00bb][et_pb_text admin_label=\u00a0\u00bbText\u00a0\u00bb _builder_version=\u00a0\u00bb4.16&Prime; background_size=\u00a0\u00bbinitial\u00a0\u00bb background_position=\u00a0\u00bbtop_left\u00a0\u00bb background_repeat=\u00a0\u00bbrepeat\u00a0\u00bb global_colors_info=\u00a0\u00bb{}\u00a0\u00bb][storelocator id=\u00a0\u00bbpAGHMa\u00a0\u00bb][\/et_pb_text][\/et_pb_column][\/et_pb_row][\/et_pb_section][et_pb_section fb_built=\u00a0\u00bb1&Prime; _builder_version=\u00a0\u00bb4.18.0&Prime; _module_preset=\u00a0\u00bbdefault\u00a0\u00bb custom_padding=\u00a0\u00bb60px||0px||false|false\u00a0\u00bb border_color_all=\u00a0\u00bb#000000&Prime; border_width_top=\u00a0\u00bb1px\u00a0\u00bb border_color_top=\u00a0\u00bbrgba(10,10,10,0.15)\u00a0\u00bb global_colors_info=\u00a0\u00bb{}\u00a0\u00bb][et_pb_row _builder_version=\u00a0\u00bb4.18.0&Prime; _module_preset=\u00a0\u00bbdefault\u00a0\u00bb global_colors_info=\u00a0\u00bb{}\u00a0\u00bb][et_pb_column type=\u00a0\u00bb4_4&Prime; _builder_version=\u00a0\u00bb4.18.0&Prime; _module_preset=\u00a0\u00bbdefault\u00a0\u00bb global_colors_info=\u00a0\u00bb{}\u00a0\u00bb][et_pb_signup mailchimp_list=\u00a0\u00bbLasserreEurope|0611007ee1&Prime; first_name_field=\u00a0\u00bboff\u00a0\u00bb last_name_field=\u00a0\u00bboff\u00a0\u00bb title=\u00a0\u00bbBulletin\u00a0\u00bb button_text=\u00a0\u00bbS&rsquo;inscrire\u00a0\u00bb _builder_version=\u00a0\u00bb4.25.1&Prime; _module_preset=\u00a0\u00bbdefault\u00a0\u00bb form_field_background_color=\u00a0\u00bb#c38b62&Prime; form_field_text_color=\u00a0\u00bb#FFFFFF\u00a0\u00bb form_field_focus_background_color=\u00a0\u00bb#c38b62&Prime; form_field_focus_text_color=\u00a0\u00bb#FFFFFF\u00a0\u00bb header_font=\u00a0\u00bbAbel|700||on|||||\u00a0\u00bb header_font_size=\u00a0\u00bb30px\u00a0\u00bb header_letter_spacing=\u00a0\u00bb3px\u00a0\u00bb body_font=\u00a0\u00bbAbel||||||||\u00a0\u00bb body_text_color=\u00a0\u00bb#000000&Prime; body_font_size=\u00a0\u00bb17px\u00a0\u00bb form_field_font=\u00a0\u00bbAbel||||||||\u00a0\u00bb form_field_font_size=\u00a0\u00bb17px\u00a0\u00bb background_color=\u00a0\u00bbRGBA(255,255,255,0)\u00a0\u00bb custom_button=\u00a0\u00bbon\u00a0\u00bb button_text_color=\u00a0\u00bb#FFFFFF\u00a0\u00bb button_bg_color=\u00a0\u00bb#c38b62&Prime; button_border_width=\u00a0\u00bb0px\u00a0\u00bb button_font=\u00a0\u00bbAbel||||||||\u00a0\u00bb background_layout=\u00a0\u00bblight\u00a0\u00bb width=\u00a0\u00bb100%\u00a0\u00bb max_width=\u00a0\u00bb100%\u00a0\u00bb custom_margin=\u00a0\u00bb||0px||false|false\u00a0\u00bb hover_enabled=\u00a0\u00bb0&Prime; global_colors_info=\u00a0\u00bb{}\u00a0\u00bb sticky_enabled=\u00a0\u00bb0&Prime;][\/et_pb_signup][et_pb_divider show_divider=\u00a0\u00bboff\u00a0\u00bb _builder_version=\u00a0\u00bb4.18.0&Prime; _module_preset=\u00a0\u00bbdefault\u00a0\u00bb width=\u00a0\u00bb100%\u00a0\u00bb height=\u00a0\u00bb50px\u00a0\u00bb global_colors_info=\u00a0\u00bb{}\u00a0\u00bb][\/et_pb_divider][\/et_pb_column][\/et_pb_row][et_pb_row column_structure=\u00a0\u00bb1_4,1_4,1_4,1_4&Prime; _builder_version=\u00a0\u00bb4.18.0&Prime; _module_preset=\u00a0\u00bbdefault\u00a0\u00bb global_colors_info=\u00a0\u00bb{}\u00a0\u00bb][et_pb_column type=\u00a0\u00bb1_4&Prime; _builder_version=\u00a0\u00bb4.18.0&Prime; _module_preset=\u00a0\u00bbdefault\u00a0\u00bb global_colors_info=\u00a0\u00bb{}\u00a0\u00bb][et_pb_text _builder_version=\u00a0\u00bb4.25.1&Prime; _module_preset=\u00a0\u00bbdefault\u00a0\u00bb text_font=\u00a0\u00bbAbel||||||||\u00a0\u00bb text_font_size=\u00a0\u00bb17px\u00a0\u00bb text_line_height=\u00a0\u00bb1.4em\u00a0\u00bb link_text_color=\u00a0\u00bb#000000&Prime; header_2_font=\u00a0\u00bbAbel|||on|||||\u00a0\u00bb header_2_font_size=\u00a0\u00bb17px\u00a0\u00bb global_colors_info=\u00a0\u00bb{}\u00a0\u00bb]<\/p>\n<h2><strong>Cocktails et boissons<br \/><\/strong><strong>____<\/strong><\/h2>\n<p><a href=\"\/cocktails-and-drinks\/\"><\/a><a href=\"https:\/\/lasserrecognac.com\/fr\/cocktails-et-boissons\/\">Recettes d&rsquo;\u00e9t\u00e9<\/a><\/p>\n<p><a href=\"\/cocktails-and-drinks\/\"><\/a><a href=\"https:\/\/lasserrecognac.com\/fr\/cocktails-et-boissons\/\">Recettes d&rsquo;hiver<\/a><\/p>\n<p><a href=\"https:\/\/lasserrecognac.com\/fr\/accords-mets-et-vins\/\">Accords mets et vins<\/a><\/p>\n<p>&nbsp;<\/p>\n<p>[\/et_pb_text][\/et_pb_column][et_pb_column type=\u00a0\u00bb1_4&Prime; _builder_version=\u00a0\u00bb4.18.0&Prime; _module_preset=\u00a0\u00bbdefault\u00a0\u00bb global_colors_info=\u00a0\u00bb{}\u00a0\u00bb][et_pb_text _builder_version=\u00a0\u00bb4.25.1&Prime; _module_preset=\u00a0\u00bbdefault\u00a0\u00bb text_font=\u00a0\u00bbAbel||||||||\u00a0\u00bb text_font_size=\u00a0\u00bb17px\u00a0\u00bb text_line_height=\u00a0\u00bb1.4em\u00a0\u00bb link_text_color=\u00a0\u00bb#000000&Prime; header_2_font=\u00a0\u00bbAbel|||on|||||\u00a0\u00bb header_2_font_size=\u00a0\u00bb17px\u00a0\u00bb global_colors_info=\u00a0\u00bb{}\u00a0\u00bb]<\/p>\n<h2><strong>Magasin<br \/><\/strong><strong>____<\/strong><\/h2>\n<p><a href=\"https:\/\/lasserrecognac.com\/fr\/termes-et-conditions\/\">Exp\u00e9dition<\/a><\/p>\n<p><a href=\"https:\/\/lasserrecognac.com\/fr\/contact\/\">Revendeur<\/a><\/p>\n<p><a href=\"https:\/\/lasserrecognac.com\/product\/lasserre-liqueur-de-cognac-au-miel\/\">Contenu de la bouteille<\/a><\/p>\n<p>&nbsp;<\/p>\n<p>[\/et_pb_text][\/et_pb_column][et_pb_column type=\u00a0\u00bb1_4&Prime; _builder_version=\u00a0\u00bb4.18.0&Prime; _module_preset=\u00a0\u00bbdefault\u00a0\u00bb global_colors_info=\u00a0\u00bb{}\u00a0\u00bb][et_pb_text _builder_version=\u00a0\u00bb4.25.1&Prime; _module_preset=\u00a0\u00bbdefault\u00a0\u00bb text_font=\u00a0\u00bbAbel||||||||\u00a0\u00bb text_font_size=\u00a0\u00bb17px\u00a0\u00bb link_text_color=\u00a0\u00bb#000000&Prime; header_2_font=\u00a0\u00bbAbel|||on|||||\u00a0\u00bb header_2_font_size=\u00a0\u00bb17px\u00a0\u00bb global_colors_info=\u00a0\u00bb{}\u00a0\u00bb]<\/p>\n<h2><strong>Histoire<br \/><\/strong><strong>____<\/strong><\/h2>\n<p><a href=\"https:\/\/lasserrecognac.com\/fr\/histoire\/\">\u00c0 propos de nous<\/a><\/p>\n<p><a href=\"https:\/\/lasserrecognac.com\/fr\/contact\/\">Contactez-nous<\/a><\/p>\n<p>&nbsp;<\/p>\n<p>&nbsp;<\/p>\n<p>[\/et_pb_text][\/et_pb_column][et_pb_column type=\u00a0\u00bb1_4&Prime; _builder_version=\u00a0\u00bb4.18.0&Prime; _module_preset=\u00a0\u00bbdefault\u00a0\u00bb global_colors_info=\u00a0\u00bb{}\u00a0\u00bb][et_pb_text _builder_version=\u00a0\u00bb4.25.1&Prime; _module_preset=\u00a0\u00bbdefault\u00a0\u00bb header_2_font=\u00a0\u00bbAbel|||on|||||\u00a0\u00bb header_2_font_size=\u00a0\u00bb17px\u00a0\u00bb global_colors_info=\u00a0\u00bb{}\u00a0\u00bb]<\/p>\n<h2><strong>Contact<br \/>____<\/strong><\/h2>\n<p><span style=\"color: #c38b62;\"><strong><a href=\"mailto:sales@lasserrecognac.com\" title=\"Lasserre Cognac VS\" style=\"color: #c38b62;\">sales@lasserrecognac.com<\/a><\/strong><\/span><\/p>\n<p><span style=\"color: #c38b62;\"><strong>+45 533 537 79<\/strong><\/span><\/p>\n<p>[\/et_pb_text][\/et_pb_column][\/et_pb_row][\/et_pb_section]<\/p>\n","protected":false},"excerpt":{"rendered":"<p>Localisateur de magasins Lasserre Retrouvez la Lasserre Liqueur de Cognac au Miel dans votre magasin le plus proche &nbsp; Nous avons rassembl\u00e9 diff\u00e9rents cocktails et boissons pour notre Lasserre Liqueur de Cognac au Miel. De nombreuses s\u00e9lections de recettes pour les occasions estivales et hivernales \u2013 Nous avons \u00e9galement accords mets et vins pour notre [&hellip;]<\/p>\n","protected":false},"author":1,"featured_media":0,"parent":0,"menu_order":0,"comment_status":"closed","ping_status":"closed","template":"","meta":{"_et_pb_use_builder":"on","_et_pb_old_content":"","_et_gb_content_width":"","footnotes":""},"class_list":["post-284500","page","type-page","status-publish","hentry"],"yoast_head":"<!-- This site is optimized with the Yoast SEO plugin v27.6 - https:\/\/yoast.com\/product\/yoast-seo-wordpress\/ -->\n<title>Localisateur de magasins Lasserre | O\u00f9 acheter<\/title>\n<meta name=\"description\" content=\"Si vous ne savez pas o\u00f9 vous procurer une bouteille, essayez notre localisateur de magasins Lasserre. Nous le mettons \u00e0 jour chaque semaine, vous ne perdrez donc pas de temps !\" \/>\n<meta name=\"robots\" content=\"index, follow, max-snippet:-1, max-image-preview:large, max-video-preview:-1\" \/>\n<link rel=\"canonical\" href=\"https:\/\/lasserrecognac.com\/storelocator\/\" \/>\n<meta property=\"og:locale\" content=\"fr_FR\" \/>\n<meta property=\"og:type\" content=\"article\" \/>\n<meta property=\"og:title\" content=\"Localisateur de magasins Lasserre | O\u00f9 acheter\" \/>\n<meta property=\"og:description\" content=\"Si vous ne savez pas o\u00f9 vous procurer une bouteille, essayez notre localisateur de magasins Lasserre. Nous le mettons \u00e0 jour chaque semaine, vous ne perdrez donc pas de temps !\" \/>\n<meta property=\"og:url\" content=\"https:\/\/lasserrecognac.com\/storelocator\/\" \/>\n<meta property=\"og:site_name\" content=\"Lasserre Cognac\" \/>\n<meta property=\"article:modified_time\" content=\"2024-09-23T20:40:11+00:00\" \/>\n<meta name=\"twitter:card\" content=\"summary_large_image\" \/>\n<meta name=\"twitter:label1\" content=\"Dur\u00e9e de lecture estim\u00e9e\" \/>\n\t<meta name=\"twitter:data1\" content=\"4 minutes\" \/>\n<script type=\"application\/ld+json\" class=\"yoast-schema-graph\">{\"@context\":\"https:\\\/\\\/schema.org\",\"@graph\":[{\"@type\":\"WebPage\",\"@id\":\"https:\\\/\\\/lasserrecognac.com\\\/storelocator\\\/\",\"url\":\"https:\\\/\\\/lasserrecognac.com\\\/storelocator\\\/\",\"name\":\"Localisateur de magasins Lasserre | O\u00f9 acheter\",\"isPartOf\":{\"@id\":\"https:\\\/\\\/lasserrecognac.com\\\/#website\"},\"datePublished\":\"2023-11-17T21:44:18+00:00\",\"dateModified\":\"2024-09-23T20:40:11+00:00\",\"description\":\"Si vous ne savez pas o\u00f9 vous procurer une bouteille, essayez notre localisateur de magasins Lasserre. Nous le mettons \u00e0 jour chaque semaine, vous ne perdrez donc pas de temps !\",\"breadcrumb\":{\"@id\":\"https:\\\/\\\/lasserrecognac.com\\\/storelocator\\\/#breadcrumb\"},\"inLanguage\":\"fr-FR\",\"potentialAction\":[{\"@type\":\"ReadAction\",\"target\":[\"https:\\\/\\\/lasserrecognac.com\\\/storelocator\\\/\"]}]},{\"@type\":\"BreadcrumbList\",\"@id\":\"https:\\\/\\\/lasserrecognac.com\\\/storelocator\\\/#breadcrumb\",\"itemListElement\":[{\"@type\":\"ListItem\",\"position\":1,\"name\":\"Home\",\"item\":\"https:\\\/\\\/lasserrecognac.com\\\/fr\\\/\"},{\"@type\":\"ListItem\",\"position\":2,\"name\":\"Localisateur de magasins\"}]},{\"@type\":\"WebSite\",\"@id\":\"https:\\\/\\\/lasserrecognac.com\\\/#website\",\"url\":\"https:\\\/\\\/lasserrecognac.com\\\/\",\"name\":\"Lasserre Cognac\",\"description\":\"Lasserre Cognac\",\"potentialAction\":[{\"@type\":\"SearchAction\",\"target\":{\"@type\":\"EntryPoint\",\"urlTemplate\":\"https:\\\/\\\/lasserrecognac.com\\\/?s={search_term_string}\"},\"query-input\":{\"@type\":\"PropertyValueSpecification\",\"valueRequired\":true,\"valueName\":\"search_term_string\"}}],\"inLanguage\":\"fr-FR\"}]}<\/script>\n<!-- \/ Yoast SEO plugin. -->","yoast_head_json":{"title":"Localisateur de magasins Lasserre | O\u00f9 acheter","description":"Si vous ne savez pas o\u00f9 vous procurer une bouteille, essayez notre localisateur de magasins Lasserre. Nous le mettons \u00e0 jour chaque semaine, vous ne perdrez donc pas de temps !","robots":{"index":"index","follow":"follow","max-snippet":"max-snippet:-1","max-image-preview":"max-image-preview:large","max-video-preview":"max-video-preview:-1"},"canonical":"https:\/\/lasserrecognac.com\/storelocator\/","og_locale":"fr_FR","og_type":"article","og_title":"Localisateur de magasins Lasserre | O\u00f9 acheter","og_description":"Si vous ne savez pas o\u00f9 vous procurer une bouteille, essayez notre localisateur de magasins Lasserre. Nous le mettons \u00e0 jour chaque semaine, vous ne perdrez donc pas de temps !","og_url":"https:\/\/lasserrecognac.com\/storelocator\/","og_site_name":"Lasserre Cognac","article_modified_time":"2024-09-23T20:40:11+00:00","twitter_card":"summary_large_image","twitter_misc":{"Dur\u00e9e de lecture estim\u00e9e":"4 minutes"},"schema":{"@context":"https:\/\/schema.org","@graph":[{"@type":"WebPage","@id":"https:\/\/lasserrecognac.com\/storelocator\/","url":"https:\/\/lasserrecognac.com\/storelocator\/","name":"Localisateur de magasins Lasserre | O\u00f9 acheter","isPartOf":{"@id":"https:\/\/lasserrecognac.com\/#website"},"datePublished":"2023-11-17T21:44:18+00:00","dateModified":"2024-09-23T20:40:11+00:00","description":"Si vous ne savez pas o\u00f9 vous procurer une bouteille, essayez notre localisateur de magasins Lasserre. Nous le mettons \u00e0 jour chaque semaine, vous ne perdrez donc pas de temps !","breadcrumb":{"@id":"https:\/\/lasserrecognac.com\/storelocator\/#breadcrumb"},"inLanguage":"fr-FR","potentialAction":[{"@type":"ReadAction","target":["https:\/\/lasserrecognac.com\/storelocator\/"]}]},{"@type":"BreadcrumbList","@id":"https:\/\/lasserrecognac.com\/storelocator\/#breadcrumb","itemListElement":[{"@type":"ListItem","position":1,"name":"Home","item":"https:\/\/lasserrecognac.com\/fr\/"},{"@type":"ListItem","position":2,"name":"Localisateur de magasins"}]},{"@type":"WebSite","@id":"https:\/\/lasserrecognac.com\/#website","url":"https:\/\/lasserrecognac.com\/","name":"Lasserre Cognac","description":"Lasserre Cognac","potentialAction":[{"@type":"SearchAction","target":{"@type":"EntryPoint","urlTemplate":"https:\/\/lasserrecognac.com\/?s={search_term_string}"},"query-input":{"@type":"PropertyValueSpecification","valueRequired":true,"valueName":"search_term_string"}}],"inLanguage":"fr-FR"}]}},"_links":{"self":[{"href":"https:\/\/lasserrecognac.com\/fr\/wp-json\/wp\/v2\/pages\/284500","targetHints":{"allow":["GET"]}}],"collection":[{"href":"https:\/\/lasserrecognac.com\/fr\/wp-json\/wp\/v2\/pages"}],"about":[{"href":"https:\/\/lasserrecognac.com\/fr\/wp-json\/wp\/v2\/types\/page"}],"author":[{"embeddable":true,"href":"https:\/\/lasserrecognac.com\/fr\/wp-json\/wp\/v2\/users\/1"}],"replies":[{"embeddable":true,"href":"https:\/\/lasserrecognac.com\/fr\/wp-json\/wp\/v2\/comments?post=284500"}],"version-history":[{"count":2,"href":"https:\/\/lasserrecognac.com\/fr\/wp-json\/wp\/v2\/pages\/284500\/revisions"}],"predecessor-version":[{"id":284525,"href":"https:\/\/lasserrecognac.com\/fr\/wp-json\/wp\/v2\/pages\/284500\/revisions\/284525"}],"wp:attachment":[{"href":"https:\/\/lasserrecognac.com\/fr\/wp-json\/wp\/v2\/media?parent=284500"}],"curies":[{"name":"wp","href":"https:\/\/api.w.org\/{rel}","templated":true}]}}