{"id":284505,"date":"2022-04-10T16:07:20","date_gmt":"2022-04-10T16:07:20","guid":{"rendered":"https:\/\/lasserrecognac.com\/termes-et-conditions\/"},"modified":"2024-09-23T20:29:32","modified_gmt":"2024-09-23T20:29:32","slug":"termes-et-conditions","status":"publish","type":"page","link":"https:\/\/lasserrecognac.com\/fr\/termes-et-conditions\/","title":{"rendered":"Termes et conditions"},"content":{"rendered":"<p>[et_pb_section fb_built=\u00a0\u00bb1&Prime; module_class=\u00a0\u00bbpa-underline-color-swipe\u00a0\u00bb _builder_version=\u00a0\u00bb4.18.0&Prime; _module_preset=\u00a0\u00bbdefault\u00a0\u00bb background_color=\u00a0\u00bb#000000&Prime; custom_margin=\u00a0\u00bb||||false|false\u00a0\u00bb custom_padding=\u00a0\u00bb0px||0px||false|false\u00a0\u00bb global_colors_info=\u00a0\u00bb{}\u00a0\u00bb][et_pb_row _builder_version=\u00a0\u00bb4.18.0&Prime; _module_preset=\u00a0\u00bbdefault\u00a0\u00bb custom_padding=\u00a0\u00bb0px||0px||false|false\u00a0\u00bb global_colors_info=\u00a0\u00bb{}\u00a0\u00bb][et_pb_column type=\u00a0\u00bb4_4&Prime; _builder_version=\u00a0\u00bb4.18.0&Prime; _module_preset=\u00a0\u00bbdefault\u00a0\u00bb global_colors_info=\u00a0\u00bb{}\u00a0\u00bb][et_pb_menu show_cart_icon=\u00a0\u00bbon\u00a0\u00bb cart_icon_color=\u00a0\u00bb#c38b62&Prime; search_icon_color=\u00a0\u00bb#c38b62&Prime; menu_icon_color=\u00a0\u00bb#c38b62&Prime; show_cart_icon_tablet=\u00a0\u00bboff\u00a0\u00bb show_cart_icon_phone=\u00a0\u00bboff\u00a0\u00bb show_cart_icon_last_edited=\u00a0\u00bbon|desktop\u00a0\u00bb _builder_version=\u00a0\u00bb4.18.0&Prime; _module_preset=\u00a0\u00bbdefault\u00a0\u00bb menu_font=\u00a0\u00bbAbel|700||on|||||\u00a0\u00bb menu_text_color=\u00a0\u00bb#FFFFFF\u00a0\u00bb menu_font_size=\u00a0\u00bb18px\u00a0\u00bb background_color=\u00a0\u00bbrgba(0,0,0,0.7)\u00a0\u00bb text_orientation=\u00a0\u00bbcenter\u00a0\u00bb custom_padding=\u00a0\u00bb1px||25px||false|false\u00a0\u00bb custom_padding_last_edited=\u00a0\u00bboff|desktop\u00a0\u00bb sticky_position=\u00a0\u00bbtop\u00a0\u00bb sticky_limit_bottom=\u00a0\u00bbbody\u00a0\u00bb global_colors_info=\u00a0\u00bb{}\u00a0\u00bb background__sticky_enabled=\u00a0\u00bbon|desktop\u00a0\u00bb background_color__sticky=\u00a0\u00bbrgba(0,0,0,0.7)\u00a0\u00bb background_enable_color__sticky=\u00a0\u00bbon\u00a0\u00bb custom_padding__sticky_enabled=\u00a0\u00bbon|sticky\u00a0\u00bb custom_padding__sticky=\u00a0\u00bb25px||25px||false|false\u00a0\u00bb][\/et_pb_menu][\/et_pb_column][\/et_pb_row][\/et_pb_section][et_pb_section fb_built=\u00a0\u00bb1&Prime; _builder_version=\u00a0\u00bb4.18.0&Prime; _module_preset=\u00a0\u00bbdefault\u00a0\u00bb global_colors_info=\u00a0\u00bb{}\u00a0\u00bb][et_pb_row _builder_version=\u00a0\u00bb4.18.0&Prime; _module_preset=\u00a0\u00bbdefault\u00a0\u00bb global_colors_info=\u00a0\u00bb{}\u00a0\u00bb][et_pb_column type=\u00a0\u00bb4_4&Prime; _builder_version=\u00a0\u00bb4.18.0&Prime; _module_preset=\u00a0\u00bbdefault\u00a0\u00bb global_colors_info=\u00a0\u00bb{}\u00a0\u00bb][et_pb_image src=\u00a0\u00bbhttps:\/\/lasserrecognac.com\/wp-content\/uploads\/2022\/11\/logoLASSERRE.png\u00a0\u00bb alt=\u00a0\u00bbLasserre Cognac Logo\u00a0\u00bb title_text=\u00a0\u00bbLasserre Cognac Logo\u00a0\u00bb align=\u00a0\u00bbcenter\u00a0\u00bb _builder_version=\u00a0\u00bb4.18.0&Prime; _module_preset=\u00a0\u00bbdefault\u00a0\u00bb width=\u00a0\u00bb25%\u00a0\u00bb global_colors_info=\u00a0\u00bb{}\u00a0\u00bb][\/et_pb_image][\/et_pb_column][\/et_pb_row][et_pb_row _builder_version=\u00a0\u00bb4.18.0&Prime; _module_preset=\u00a0\u00bbdefault\u00a0\u00bb global_colors_info=\u00a0\u00bb{}\u00a0\u00bb][et_pb_column type=\u00a0\u00bb4_4&Prime; _builder_version=\u00a0\u00bb4.18.0&Prime; _module_preset=\u00a0\u00bbdefault\u00a0\u00bb global_colors_info=\u00a0\u00bb{}\u00a0\u00bb][et_pb_text _builder_version=\u00a0\u00bb4.18.0&Prime; _module_preset=\u00a0\u00bbdefault\u00a0\u00bb header_2_font=\u00a0\u00bb|600||on|||||\u00a0\u00bb header_2_text_color=\u00a0\u00bb#c38b62&Prime; header_2_font_size=\u00a0\u00bb48px\u00a0\u00bb custom_margin=\u00a0\u00bb||4px|||\u00a0\u00bb global_colors_info=\u00a0\u00bb{}\u00a0\u00bb]<\/p>\n<h2>Termes et conditions<\/h2>\n<p>[\/et_pb_text][et_pb_text _builder_version=\u00a0\u00bb4.18.0&Prime; _module_preset=\u00a0\u00bbdefault\u00a0\u00bb global_colors_info=\u00a0\u00bb{}\u00a0\u00bb]<\/p>\n<p>Derni\u00e8re mise \u00e0 jour : 7 novembre 2022<\/p>\n<p>[\/et_pb_text][et_pb_text _builder_version=\u00a0\u00bb4.24.2&Prime; _module_preset=\u00a0\u00bbdefault\u00a0\u00bb text_font=\u00a0\u00bbAbel||||||||\u00a0\u00bb text_font_size=\u00a0\u00bb18px\u00a0\u00bb link_text_color=\u00a0\u00bb#000000&Prime; header_4_font=\u00a0\u00bbAbel|||on|||||\u00a0\u00bb header_4_text_color=\u00a0\u00bb#c38b62&Prime; header_4_font_size=\u00a0\u00bb24px\u00a0\u00bb global_colors_info=\u00a0\u00bb{}\u00a0\u00bb]<\/p>\n<h4><strong>Termes et conditions<\/strong><\/h4>\n<p><em>Les termes et conditions doivent \u00eatre lus attentivement avant de finaliser votre transaction.<\/em><\/p>\n<p><em><\/em><\/p>\n<h4><strong>Passation de commande<\/strong><\/h4>\n<p>En passant une commande, vous acceptez automatiquement d&rsquo;avoir au moins 18 ans. Ce que vous confirmez \u00e9galement lors de votre premi\u00e8re visite sur le site et lorsque vous \u00eates confront\u00e9 \u00e0 l&rsquo;\u00e9cran d&rsquo;\u00e2ge. Lorsque vous passez une commande, vous recevez automatiquement un e-mail avec votre confirmation de commande. Vous pouvez toujours suivre le suivi et les informations fournies dans l&rsquo;e-mail. Si des probl\u00e8mes persistent avec le suivi, vous pouvez toujours nous envoyer un e-mail \u00e0 sales(@)lasserrecognac.com Une fois la commande pass\u00e9e, l&rsquo;argent sera retenu sur votre carte.     <\/p>\n<p>&nbsp;<\/p>\n<h4><strong>Prix des produits<\/strong><\/h4>\n<p>Nos produits, tarifs et offres sur le site<span> <\/span><span><strong>www.lasserrecognac.com<\/strong><\/span> sont TTC et hors frais de livraison. Tous les prix sont indiqu\u00e9s en euros \u20ac \u2013 sur les pages panier et paiement, vous pouvez voir le prix complet de votre commande. Pour voir les frais de livraison, vous devez renseigner votre adresse.  <\/p>\n<p>Les commandes peuvent \u00eatre pay\u00e9es par carte de d\u00e9bit ou PayPal<\/p>\n<p>&nbsp;<\/p>\n<h4><strong>Livraison<\/strong><\/h4>\n<p>La livraison est possible dans toute l&rsquo;Europe. Actuellement, nous exp\u00e9dions dans la majorit\u00e9 des pays europ\u00e9ens. Donc si par hasard votre pays n&rsquo;appara\u00eet pas dans la liste. Vous pouvez nous envoyer un e-mail et nous vous enverrons une facture pour l&rsquo;exp\u00e9dition.   <\/p>\n<p>Nous exp\u00e9dions g\u00e9n\u00e9ralement la commande le jour m\u00eame du paiement. Nous ne d\u00e9biterons pas votre carte de cr\u00e9dit avant que le produit n&rsquo;ait \u00e9t\u00e9 envoy\u00e9. Tous les produits seront envoy\u00e9s dans le m\u00eame envoi et jamais s\u00e9par\u00e9ment, sauf si vous en \u00eates inform\u00e9. Vous pouvez suivre le num\u00e9ro de suivi sur le site Web du transporteur indiqu\u00e9.   <\/p>\n<p>&nbsp;<\/p>\n<h4><strong>R\u00e9serve de propri\u00e9t\u00e9 et risques<\/strong><\/h4>\n<p><span>Tous les produits achet\u00e9s sur <strong>www.lasserrecognac.com<\/strong><\/span>restent notre propri\u00e9t\u00e9 jusqu&rsquo;\u00e0 la livraison du produit. Cela signifie que le risque de perte ou de dommage reste \u00e0 notre charge jusqu&rsquo;\u00e0 la livraison par le transporteur. La livraison est effectu\u00e9e et le risque est \u00e0 votre charge \u00e0 partir du moment o\u00f9 le transporteur a essay\u00e9 de vous livrer le colis. Donc si vous souhaitez faire une r\u00e9clamation contre nous, vous pouvez le faire \u00e0 l&rsquo;adresse suivante :   <span> <\/span><span><a href=\"https:\/\/europa.eu\/youreurope\/citizens\/consumers\/consumers-dispute-resolution\/formal-legal-actions\/index_en.htm\"><a href=\"https:\/\/europa.eu\/youreurope\/citizens\/consumers\/consumers-dispute-resolution\/formal-legal-actions\/index_en.htm\">Les petites cr\u00e9ances de l&rsquo;UE<\/a><\/a><\/span><\/p>\n<p>&nbsp;<\/p>\n<h4><strong>Droit de r\u00e9tractation<\/strong><\/h4>\n<p>Certains pays ne font pas partie du droit de r\u00e9tractation, comme c&rsquo;est le cas pour les boissons. Mais si vous souhaitez retirer votre achat que vous avez achet\u00e9 sur <span> <\/span><span>www.lasserrecognac.com<\/span> vous disposez alors d&rsquo;un d\u00e9lai de 14 jours \u00e0 compter de la date de livraison pour formuler votre r\u00e9clamation.<\/p>\n<p>Le montant sera rembours\u00e9 sur votre compte, dans un d\u00e9lai de 7 \u00e0 10 jours ouvrables, apr\u00e8s r\u00e9ception du produit.<\/p>\n<p>Si par hasard le produit est endommag\u00e9, un devis sera rembours\u00e9, en fonction de l&rsquo;\u00e9tat du produit.<\/p>\n<p>&nbsp;<\/p>\n<h4><strong>Changements<\/strong><\/h4>\n<p>Nous nous r\u00e9servons le droit, \u00e0 notre seule discr\u00e9tion, de modifier ou de remplacer les pr\u00e9sentes Conditions \u00e0 tout moment. Si une r\u00e9vision est importante, nous nous efforcerons de fournir un pr\u00e9avis d&rsquo;au moins 30 jours avant l&rsquo;entr\u00e9e en vigueur de toute nouvelle condition. Ce qui constitue un changement important sera d\u00e9termin\u00e9 \u00e0 notre seule discr\u00e9tion.  <\/p>\n<p>&nbsp;<\/p>\n<h4><strong>Contactez-nous<\/strong><\/h4>\n<p>Si vous avez des questions sur ces termes et conditions, veuillez nous contacter.<\/p>\n<p>[\/et_pb_text][\/et_pb_column][\/et_pb_row][\/et_pb_section][et_pb_section fb_built=\u00a0\u00bb1&Prime; _builder_version=\u00a0\u00bb4.18.0&Prime; _module_preset=\u00a0\u00bbdefault\u00a0\u00bb custom_padding=\u00a0\u00bb60px||0px||false|false\u00a0\u00bb border_color_all=\u00a0\u00bb#000000&Prime; border_width_top=\u00a0\u00bb1px\u00a0\u00bb border_color_top=\u00a0\u00bbrgba(10,10,10,0.15)\u00a0\u00bb global_colors_info=\u00a0\u00bb{}\u00a0\u00bb global_module=\u00a0\u00bb284510&Prime; theme_builder_area=\u00a0\u00bbpost_content\u00a0\u00bb][et_pb_row _builder_version=\u00a0\u00bb4.18.0&Prime; _module_preset=\u00a0\u00bbdefault\u00a0\u00bb global_colors_info=\u00a0\u00bb{}\u00a0\u00bb theme_builder_area=\u00a0\u00bbpost_content\u00a0\u00bb][et_pb_column type=\u00a0\u00bb4_4&Prime; _builder_version=\u00a0\u00bb4.18.0&Prime; _module_preset=\u00a0\u00bbdefault\u00a0\u00bb global_colors_info=\u00a0\u00bb{}\u00a0\u00bb theme_builder_area=\u00a0\u00bbpost_content\u00a0\u00bb][et_pb_signup mailchimp_list=\u00a0\u00bbLasserreEurope|0611007ee1&Prime; first_name_field=\u00a0\u00bboff\u00a0\u00bb last_name_field=\u00a0\u00bboff\u00a0\u00bb title=\u00a0\u00bbBulletin\u00a0\u00bb button_text=\u00a0\u00bbS&rsquo;INSCRIRE\u00a0\u00bb _builder_version=\u00a0\u00bb4.25.1&Prime; _module_preset=\u00a0\u00bbdefault\u00a0\u00bb form_field_background_color=\u00a0\u00bb#c38b62&Prime; form_field_text_color=\u00a0\u00bb#FFFFFF\u00a0\u00bb form_field_focus_background_color=\u00a0\u00bb#c38b62&Prime; form_field_focus_text_color=\u00a0\u00bb#FFFFFF\u00a0\u00bb header_font=\u00a0\u00bbAbel|700||on|||||\u00a0\u00bb header_font_size=\u00a0\u00bb30px\u00a0\u00bb header_letter_spacing=\u00a0\u00bb3px\u00a0\u00bb body_font=\u00a0\u00bbAbel||||||||\u00a0\u00bb body_text_color=\u00a0\u00bb#000000&Prime; body_font_size=\u00a0\u00bb17px\u00a0\u00bb form_field_font=\u00a0\u00bbAbel||||||||\u00a0\u00bb form_field_font_size=\u00a0\u00bb17px\u00a0\u00bb background_color=\u00a0\u00bbRGBA(255,255,255,0)\u00a0\u00bb custom_button=\u00a0\u00bbon\u00a0\u00bb button_text_color=\u00a0\u00bb#FFFFFF\u00a0\u00bb button_bg_color=\u00a0\u00bb#c38b62&Prime; button_border_width=\u00a0\u00bb0px\u00a0\u00bb button_font=\u00a0\u00bbAbel||||||||\u00a0\u00bb background_layout=\u00a0\u00bblight\u00a0\u00bb width=\u00a0\u00bb100%\u00a0\u00bb max_width=\u00a0\u00bb100%\u00a0\u00bb custom_margin=\u00a0\u00bb||0px||false|false\u00a0\u00bb global_colors_info=\u00a0\u00bb{}\u00a0\u00bb theme_builder_area=\u00a0\u00bbpost_content\u00a0\u00bb][\/et_pb_signup][et_pb_divider show_divider=\u00a0\u00bboff\u00a0\u00bb _builder_version=\u00a0\u00bb4.18.0&Prime; _module_preset=\u00a0\u00bbdefault\u00a0\u00bb width=\u00a0\u00bb100%\u00a0\u00bb height=\u00a0\u00bb50px\u00a0\u00bb global_colors_info=\u00a0\u00bb{}\u00a0\u00bb theme_builder_area=\u00a0\u00bbpost_content\u00a0\u00bb][\/et_pb_divider][\/et_pb_column][\/et_pb_row][et_pb_row column_structure=\u00a0\u00bb1_4,1_4,1_4,1_4&Prime; _builder_version=\u00a0\u00bb4.18.0&Prime; _module_preset=\u00a0\u00bbdefault\u00a0\u00bb global_colors_info=\u00a0\u00bb{}\u00a0\u00bb theme_builder_area=\u00a0\u00bbpost_content\u00a0\u00bb][et_pb_column type=\u00a0\u00bb1_4&Prime; _builder_version=\u00a0\u00bb4.18.0&Prime; _module_preset=\u00a0\u00bbdefault\u00a0\u00bb global_colors_info=\u00a0\u00bb{}\u00a0\u00bb theme_builder_area=\u00a0\u00bbpost_content\u00a0\u00bb][et_pb_text _builder_version=\u00a0\u00bb4.25.1&Prime; _module_preset=\u00a0\u00bbdefault\u00a0\u00bb text_font=\u00a0\u00bbAbel||||||||\u00a0\u00bb text_font_size=\u00a0\u00bb17px\u00a0\u00bb text_line_height=\u00a0\u00bb1.4em\u00a0\u00bb link_text_color=\u00a0\u00bb#000000&Prime; header_2_font=\u00a0\u00bbAbel|||on|||||\u00a0\u00bb header_2_font_size=\u00a0\u00bb17px\u00a0\u00bb global_colors_info=\u00a0\u00bb{}\u00a0\u00bb theme_builder_area=\u00a0\u00bbpost_content\u00a0\u00bb]<\/p>\n<h2><strong>Cocktails et boissons<br \/><\/strong><strong>____<\/strong><\/h2>\n<p><a href=\"https:\/\/lasserrecognac.com\/fr\/cocktails-et-boissons\/\">Cocktails et boissons<\/a><a href=\"\/cocktails-and-drinks\/\"><\/a><\/p>\n<p><a href=\"https:\/\/lasserrecognac.com\/fr\/accords-mets-et-vins\/\">Accords mets et vins<\/a><\/p>\n<p>&nbsp;<\/p>\n<p>[\/et_pb_text][\/et_pb_column][et_pb_column type=\u00a0\u00bb1_4&Prime; _builder_version=\u00a0\u00bb4.18.0&Prime; _module_preset=\u00a0\u00bbdefault\u00a0\u00bb global_colors_info=\u00a0\u00bb{}\u00a0\u00bb theme_builder_area=\u00a0\u00bbpost_content\u00a0\u00bb][et_pb_text _builder_version=\u00a0\u00bb4.25.1&Prime; _module_preset=\u00a0\u00bbdefault\u00a0\u00bb text_font=\u00a0\u00bbAbel||||||||\u00a0\u00bb text_font_size=\u00a0\u00bb17px\u00a0\u00bb text_line_height=\u00a0\u00bb1.4em\u00a0\u00bb link_text_color=\u00a0\u00bb#000000&Prime; header_2_font=\u00a0\u00bbAbel|||on|||||\u00a0\u00bb header_2_font_size=\u00a0\u00bb17px\u00a0\u00bb global_colors_info=\u00a0\u00bb{}\u00a0\u00bb theme_builder_area=\u00a0\u00bbpost_content\u00a0\u00bb]<\/p>\n<h2><strong>Magasin<br \/><\/strong><strong>____<\/strong><\/h2>\n<p><a href=\"https:\/\/lasserrecognac.com\/fr\/termes-et-conditions\/\">Exp\u00e9dition<\/a><\/p>\n<p><a href=\"https:\/\/lasserrecognac.com\/fr\/contact\/\">Revendeur<\/a><\/p>\n<p><a href=\"https:\/\/lasserrecognac.com\/product\/lasserre-liqueur-de-cognac-au-miel\/\">Contenu de la bouteille<\/a><\/p>\n<p>&nbsp;<\/p>\n<p>[\/et_pb_text][\/et_pb_column][et_pb_column type=\u00a0\u00bb1_4&Prime; _builder_version=\u00a0\u00bb4.18.0&Prime; _module_preset=\u00a0\u00bbdefault\u00a0\u00bb global_colors_info=\u00a0\u00bb{}\u00a0\u00bb theme_builder_area=\u00a0\u00bbpost_content\u00a0\u00bb][et_pb_text _builder_version=\u00a0\u00bb4.25.1&Prime; _module_preset=\u00a0\u00bbdefault\u00a0\u00bb text_font=\u00a0\u00bbAbel||||||||\u00a0\u00bb text_font_size=\u00a0\u00bb17px\u00a0\u00bb link_text_color=\u00a0\u00bb#000000&Prime; header_2_font=\u00a0\u00bbAbel|||on|||||\u00a0\u00bb header_2_font_size=\u00a0\u00bb17px\u00a0\u00bb global_colors_info=\u00a0\u00bb{}\u00a0\u00bb theme_builder_area=\u00a0\u00bbpost_content\u00a0\u00bb]<\/p>\n<h2><strong>Histoire<br \/><\/strong><strong>____<\/strong><\/h2>\n<p><a href=\"https:\/\/lasserrecognac.com\/fr\/histoire\/\">\u00c0 propos de nous<\/a><\/p>\n<p><a href=\"https:\/\/lasserrecognac.com\/fr\/contact\/\">Contactez-nous<\/a><\/p>\n<p>&nbsp;<\/p>\n<p>&nbsp;<\/p>\n<p>[\/et_pb_text][\/et_pb_column][et_pb_column type=\u00a0\u00bb1_4&Prime; _builder_version=\u00a0\u00bb4.18.0&Prime; _module_preset=\u00a0\u00bbdefault\u00a0\u00bb global_colors_info=\u00a0\u00bb{}\u00a0\u00bb theme_builder_area=\u00a0\u00bbpost_content\u00a0\u00bb][et_pb_text _builder_version=\u00a0\u00bb4.23.1&Prime; _module_preset=\u00a0\u00bbdefault\u00a0\u00bb header_2_font=\u00a0\u00bbAbel|||on|||||\u00a0\u00bb header_2_font_size=\u00a0\u00bb17px\u00a0\u00bb global_colors_info=\u00a0\u00bb{}\u00a0\u00bb theme_builder_area=\u00a0\u00bbpost_content\u00a0\u00bb]<\/p>\n<h2><strong>Contact<br \/>____<\/strong><\/h2>\n<p><span style=\"color: #c38b62;\"><strong><a href=\"mailto:sales@lasserrecognac.com\" title=\"Lasserre Cognac VS\" style=\"color: #c38b62;\">sales@lasserrecognac.com<\/a><\/strong><\/span><\/p>\n<p><span style=\"color: #c38b62;\"><strong><a href=\"tel:+45533-537-79\" style=\"color: #c38b62;\">+45 533 537 79<\/a><\/strong><\/span><\/p>\n<p>[\/et_pb_text][\/et_pb_column][\/et_pb_row][\/et_pb_section]<\/p>\n","protected":false},"excerpt":{"rendered":"<p>Termes et conditionsDerni\u00e8re mise \u00e0 jour : 7 novembre 2022Termes et conditions Les termes et conditions doivent \u00eatre lus attentivement avant de finaliser votre transaction. Passation de commande En passant une commande, vous acceptez automatiquement d&rsquo;avoir au moins 18 ans. Ce que vous confirmez \u00e9galement lors de votre premi\u00e8re visite sur le site et lorsque [&hellip;]<\/p>\n","protected":false},"author":1,"featured_media":0,"parent":0,"menu_order":0,"comment_status":"closed","ping_status":"closed","template":"","meta":{"_et_pb_use_builder":"on","_et_pb_old_content":"","_et_gb_content_width":"","footnotes":""},"class_list":["post-284505","page","type-page","status-publish","hentry"],"yoast_head":"<!-- This site is optimized with the Yoast SEO plugin v27.6 - https:\/\/yoast.com\/product\/yoast-seo-wordpress\/ -->\n<title>Conditions G\u00e9n\u00e9rales - Lasserre Liqueur de Cognac au Miel<\/title>\n<meta name=\"description\" content=\"Nos conditions g\u00e9n\u00e9rales doivent \u00eatre lues avant de proc\u00e9der \u00e0 un achat. Ainsi, en tant que consommateur, vous b\u00e9n\u00e9ficiez de la meilleure protection possible.\" \/>\n<meta name=\"robots\" content=\"index, follow, max-snippet:-1, max-image-preview:large, max-video-preview:-1\" \/>\n<link rel=\"canonical\" href=\"https:\/\/lasserrecognac.com\/fr\/termes-et-conditions\/\" \/>\n<meta property=\"og:locale\" content=\"fr_FR\" \/>\n<meta property=\"og:type\" content=\"article\" \/>\n<meta property=\"og:title\" content=\"Conditions G\u00e9n\u00e9rales - Lasserre Liqueur de Cognac au Miel\" \/>\n<meta property=\"og:description\" content=\"Nos conditions g\u00e9n\u00e9rales doivent \u00eatre lues avant de proc\u00e9der \u00e0 un achat. Ainsi, en tant que consommateur, vous b\u00e9n\u00e9ficiez de la meilleure protection possible.\" \/>\n<meta property=\"og:url\" content=\"https:\/\/lasserrecognac.com\/fr\/termes-et-conditions\/\" \/>\n<meta property=\"og:site_name\" content=\"Lasserre Cognac\" \/>\n<meta property=\"article:modified_time\" content=\"2024-09-23T20:29:32+00:00\" \/>\n<meta name=\"twitter:card\" content=\"summary_large_image\" \/>\n<meta name=\"twitter:label1\" content=\"Dur\u00e9e de lecture estim\u00e9e\" \/>\n\t<meta name=\"twitter:data1\" content=\"7 minutes\" \/>\n<script type=\"application\/ld+json\" class=\"yoast-schema-graph\">{\"@context\":\"https:\\\/\\\/schema.org\",\"@graph\":[{\"@type\":\"WebPage\",\"@id\":\"https:\\\/\\\/lasserrecognac.com\\\/fr\\\/termes-et-conditions\\\/\",\"url\":\"https:\\\/\\\/lasserrecognac.com\\\/fr\\\/termes-et-conditions\\\/\",\"name\":\"Conditions G\u00e9n\u00e9rales - Lasserre Liqueur de Cognac au Miel\",\"isPartOf\":{\"@id\":\"https:\\\/\\\/lasserrecognac.com\\\/#website\"},\"datePublished\":\"2022-04-10T16:07:20+00:00\",\"dateModified\":\"2024-09-23T20:29:32+00:00\",\"description\":\"Nos conditions g\u00e9n\u00e9rales doivent \u00eatre lues avant de proc\u00e9der \u00e0 un achat. Ainsi, en tant que consommateur, vous b\u00e9n\u00e9ficiez de la meilleure protection possible.\",\"breadcrumb\":{\"@id\":\"https:\\\/\\\/lasserrecognac.com\\\/fr\\\/termes-et-conditions\\\/#breadcrumb\"},\"inLanguage\":\"fr-FR\",\"potentialAction\":[{\"@type\":\"ReadAction\",\"target\":[\"https:\\\/\\\/lasserrecognac.com\\\/fr\\\/termes-et-conditions\\\/\"]}]},{\"@type\":\"BreadcrumbList\",\"@id\":\"https:\\\/\\\/lasserrecognac.com\\\/fr\\\/termes-et-conditions\\\/#breadcrumb\",\"itemListElement\":[{\"@type\":\"ListItem\",\"position\":1,\"name\":\"Home\",\"item\":\"https:\\\/\\\/lasserrecognac.com\\\/fr\\\/\"},{\"@type\":\"ListItem\",\"position\":2,\"name\":\"Termes et conditions\"}]},{\"@type\":\"WebSite\",\"@id\":\"https:\\\/\\\/lasserrecognac.com\\\/#website\",\"url\":\"https:\\\/\\\/lasserrecognac.com\\\/\",\"name\":\"Lasserre Cognac\",\"description\":\"Lasserre Cognac\",\"potentialAction\":[{\"@type\":\"SearchAction\",\"target\":{\"@type\":\"EntryPoint\",\"urlTemplate\":\"https:\\\/\\\/lasserrecognac.com\\\/?s={search_term_string}\"},\"query-input\":{\"@type\":\"PropertyValueSpecification\",\"valueRequired\":true,\"valueName\":\"search_term_string\"}}],\"inLanguage\":\"fr-FR\"}]}<\/script>\n<!-- \/ Yoast SEO plugin. -->","yoast_head_json":{"title":"Conditions G\u00e9n\u00e9rales - Lasserre Liqueur de Cognac au Miel","description":"Nos conditions g\u00e9n\u00e9rales doivent \u00eatre lues avant de proc\u00e9der \u00e0 un achat. Ainsi, en tant que consommateur, vous b\u00e9n\u00e9ficiez de la meilleure protection possible.","robots":{"index":"index","follow":"follow","max-snippet":"max-snippet:-1","max-image-preview":"max-image-preview:large","max-video-preview":"max-video-preview:-1"},"canonical":"https:\/\/lasserrecognac.com\/fr\/termes-et-conditions\/","og_locale":"fr_FR","og_type":"article","og_title":"Conditions G\u00e9n\u00e9rales - Lasserre Liqueur de Cognac au Miel","og_description":"Nos conditions g\u00e9n\u00e9rales doivent \u00eatre lues avant de proc\u00e9der \u00e0 un achat. Ainsi, en tant que consommateur, vous b\u00e9n\u00e9ficiez de la meilleure protection possible.","og_url":"https:\/\/lasserrecognac.com\/fr\/termes-et-conditions\/","og_site_name":"Lasserre Cognac","article_modified_time":"2024-09-23T20:29:32+00:00","twitter_card":"summary_large_image","twitter_misc":{"Dur\u00e9e de lecture estim\u00e9e":"7 minutes"},"schema":{"@context":"https:\/\/schema.org","@graph":[{"@type":"WebPage","@id":"https:\/\/lasserrecognac.com\/fr\/termes-et-conditions\/","url":"https:\/\/lasserrecognac.com\/fr\/termes-et-conditions\/","name":"Conditions G\u00e9n\u00e9rales - Lasserre Liqueur de Cognac au Miel","isPartOf":{"@id":"https:\/\/lasserrecognac.com\/#website"},"datePublished":"2022-04-10T16:07:20+00:00","dateModified":"2024-09-23T20:29:32+00:00","description":"Nos conditions g\u00e9n\u00e9rales doivent \u00eatre lues avant de proc\u00e9der \u00e0 un achat. Ainsi, en tant que consommateur, vous b\u00e9n\u00e9ficiez de la meilleure protection possible.","breadcrumb":{"@id":"https:\/\/lasserrecognac.com\/fr\/termes-et-conditions\/#breadcrumb"},"inLanguage":"fr-FR","potentialAction":[{"@type":"ReadAction","target":["https:\/\/lasserrecognac.com\/fr\/termes-et-conditions\/"]}]},{"@type":"BreadcrumbList","@id":"https:\/\/lasserrecognac.com\/fr\/termes-et-conditions\/#breadcrumb","itemListElement":[{"@type":"ListItem","position":1,"name":"Home","item":"https:\/\/lasserrecognac.com\/fr\/"},{"@type":"ListItem","position":2,"name":"Termes et conditions"}]},{"@type":"WebSite","@id":"https:\/\/lasserrecognac.com\/#website","url":"https:\/\/lasserrecognac.com\/","name":"Lasserre Cognac","description":"Lasserre Cognac","potentialAction":[{"@type":"SearchAction","target":{"@type":"EntryPoint","urlTemplate":"https:\/\/lasserrecognac.com\/?s={search_term_string}"},"query-input":{"@type":"PropertyValueSpecification","valueRequired":true,"valueName":"search_term_string"}}],"inLanguage":"fr-FR"}]}},"_links":{"self":[{"href":"https:\/\/lasserrecognac.com\/fr\/wp-json\/wp\/v2\/pages\/284505","targetHints":{"allow":["GET"]}}],"collection":[{"href":"https:\/\/lasserrecognac.com\/fr\/wp-json\/wp\/v2\/pages"}],"about":[{"href":"https:\/\/lasserrecognac.com\/fr\/wp-json\/wp\/v2\/types\/page"}],"author":[{"embeddable":true,"href":"https:\/\/lasserrecognac.com\/fr\/wp-json\/wp\/v2\/users\/1"}],"replies":[{"embeddable":true,"href":"https:\/\/lasserrecognac.com\/fr\/wp-json\/wp\/v2\/comments?post=284505"}],"version-history":[{"count":1,"href":"https:\/\/lasserrecognac.com\/fr\/wp-json\/wp\/v2\/pages\/284505\/revisions"}],"predecessor-version":[{"id":284518,"href":"https:\/\/lasserrecognac.com\/fr\/wp-json\/wp\/v2\/pages\/284505\/revisions\/284518"}],"wp:attachment":[{"href":"https:\/\/lasserrecognac.com\/fr\/wp-json\/wp\/v2\/media?parent=284505"}],"curies":[{"name":"wp","href":"https:\/\/api.w.org\/{rel}","templated":true}]}}